{"id":78,"date":"2022-09-05T14:58:00","date_gmt":"2022-09-05T14:58:00","guid":{"rendered":"https:\/\/esg-up.erasmus.site\/?page_id=78"},"modified":"2023-12-04T19:51:30","modified_gmt":"2023-12-04T19:51:30","slug":"partnership","status":"publish","type":"page","link":"https:\/\/esg-up.erasmus.site\/sv\/partnership\/","title":{"rendered":"Partnerskap"},"content":{"rendered":"<p><\/p>\n<h3 style=\"text-align: center;\"><strong>DUBLIN HANDELSKAMMAREN &#8211; Irland &#8211; Projektkoordinator<br \/>\n<\/strong><\/h3>\n<p><img fetchpriority=\"high\" decoding=\"async\" class=\"aligncenter size-full wp-image-785\" src=\"https:\/\/esg-up.erasmus.site\/wp-content\/uploads\/2023\/09\/dublin.png\" alt=\"\" width=\"300\" height=\"300\" srcset=\"https:\/\/esg-up.erasmus.site\/wp-content\/uploads\/2023\/09\/dublin.png 300w, https:\/\/esg-up.erasmus.site\/wp-content\/uploads\/2023\/09\/dublin-150x150.png 150w, https:\/\/esg-up.erasmus.site\/wp-content\/uploads\/2023\/09\/dublin-24x24.png 24w, https:\/\/esg-up.erasmus.site\/wp-content\/uploads\/2023\/09\/dublin-36x36.png 36w, https:\/\/esg-up.erasmus.site\/wp-content\/uploads\/2023\/09\/dublin-48x48.png 48w\" sizes=\"(max-width: 300px) 100vw, 300px\" \/><\/p>\n<p>Dublin Chamber representerar mer \u00e4n 1 300 f\u00f6retag, fr\u00e5n nystartade f\u00f6retag till multinationella f\u00f6retag, som f\u00f6rbinder \u00f6ver 50 industrisektorer genom ett medlemskapsprogram utformat f\u00f6r att engagera alla niv\u00e5er och discipliner. N\u00e4tverk \u00e4r en pelare i Dublin Kammaren, och erbjuder medlemmarna 130 evenemang per \u00e5r f\u00f6r att l\u00e4ra sig b\u00e4sta praxis och f\u00e5 kontakt med det bredare Dublins n\u00e4ringsliv.<\/p>\n<p>Dublin \u00e4r motorn f\u00f6r tillv\u00e4xt i den nationella ekonomin och kammaren \u00e4r en viktig bidragsgivare till utvecklingen av f\u00f6retag och ekonomisk politik i hela Irland. Kammaren tillhandah\u00e5ller en rad f\u00f6retagstj\u00e4nster, inklusive internationell aff\u00e4rsassistans, exporttj\u00e4nster och m\u00f6jligheter till f\u00f6retagsfr\u00e4mjande. Kammaren grundades 1783 och har representerat n\u00e4ringslivets intressen \u00f6ver hela Dublinomr\u00e5det i mer \u00e4n 200 \u00e5r.<\/p>\n<p><strong>Enterprise Europe Network<\/strong> vid Dublin Chamber erbjuder st\u00f6d och r\u00e5d till sm\u00e5 och medelstora f\u00f6retag, och hj\u00e4lper dig att f\u00e5 ut det mesta av aff\u00e4rsm\u00f6jligheter utanf\u00f6r irl\u00e4ndska och Europeiska unionens gr\u00e4nser.<\/p>\n<p>V\u00e5ra tj\u00e4nster inkluderar en kostnadsfri internationell partnerf\u00f6rs\u00f6rjningstj\u00e4nst, r\u00e5dgivning om nya marknader, r\u00e5dgivning om tillg\u00e5ng till finansiering och finansiering, r\u00e5dgivning om EU-lagstiftning och n\u00e4tverksm\u00f6jligheter med internationella handelsuppdrag<\/p>\n<p>LinkedIn: <a href=\"https:\/\/www.linkedin.com\/company\/396155\/\">https:\/\/www.linkedin.com\/company\/396155\/<\/a><\/p>\n<p>Twitter: <a href=\"https:\/\/twitter.com\/DubCham\">https:\/\/twitter.com\/DubCham<\/a><\/p>\n<hr \/>\n<h3 style=\"text-align: center;\"><strong>MARKEUT SKILLS \u2013 Spanien<\/strong><\/h3>\n<p><img decoding=\"async\" class=\"aligncenter wp-image-786 size-full\" src=\"https:\/\/esg-up.erasmus.site\/wp-content\/uploads\/2023\/09\/meus.png\" alt=\"\" width=\"300\" height=\"300\" srcset=\"https:\/\/esg-up.erasmus.site\/wp-content\/uploads\/2023\/09\/meus.png 300w, https:\/\/esg-up.erasmus.site\/wp-content\/uploads\/2023\/09\/meus-150x150.png 150w, https:\/\/esg-up.erasmus.site\/wp-content\/uploads\/2023\/09\/meus-24x24.png 24w, https:\/\/esg-up.erasmus.site\/wp-content\/uploads\/2023\/09\/meus-36x36.png 36w, https:\/\/esg-up.erasmus.site\/wp-content\/uploads\/2023\/09\/meus-48x48.png 48w\" sizes=\"(max-width: 300px) 100vw, 300px\" \/><\/p>\n<p>MEUS, f\u00f6dd 2017, \u00e4r en privat organisation baserad i Valencia, Spanien, vars m\u00e5l \u00e4r att f\u00f6rb\u00e4ttra kapaciteten hos m\u00e4nniskor i deras milj\u00f6, b\u00e5de professionella och privata, s\u00e5v\u00e4l som i alla skeden av deras liv, fr\u00e5n en skola till en annan vuxenutbildning. I linje med den europeiska utbildningsstrategin arbetar MEUS med utvecklingen av nytt utbildningsmaterial och metoder anpassade till den ekonomiska marknadens olika m\u00e5l och behov, f\u00f6r att f\u00f6rb\u00e4ttra integrationen p\u00e5 arbetsplatsen.<\/p>\n<p>MEUS uppmuntrar skapande och konsolidering av f\u00f6retag, erbjuder r\u00e5d och utbildning till entrepren\u00f6rer, kreativ innovation, social innovation, teknisk innovation, uppkomsten av nya aff\u00e4rsprojekt, skapandet av h\u00e5llbara f\u00f6retag och utveckling av territorier.<\/p>\n<p>MEUS st\u00f6der starkt de nya och v\u00e4xande sektorerna av ekonomin och \u00e4r uppm\u00e4rksam p\u00e5 sociala f\u00f6r\u00e4ndringar, s\u00e5 det handlar s\u00e4rskilt om fr\u00e5gor som h\u00e5llbar ekonomi (och gr\u00f6n kompetens), orange ekonomi (kultur), IKT, befolkningens \u00e5ldrande anpassning och de nya demografiska egenskaperna som genererar en st\u00f6rre efterfr\u00e5gan p\u00e5 personliga tj\u00e4nster m.m.<\/p>\n<p>F\u00f6r att st\u00f6dja m\u00e4nniskors personliga utveckling \u00e4gnar MEUS sig ocks\u00e5 \u00e5t utvecklingen av initiativ inom omr\u00e5det aktivt deltagande i samh\u00e4llet, v\u00e4lbefinnande, j\u00e4mlikhet och solidaritet, integration och icke-diskriminering.<\/p>\n<p>Vart och ett av de projekt som utvecklats i MEUS genomf\u00f6rs under premissen av innovation, f\u00f6rst\u00e5s bortom en teknisk innovation, baserat p\u00e5 utvecklingen av nya innovativa metoder f\u00f6r l\u00e4rande, ledning, personlig utveckling eller lokal utveckling.<\/p>\n<p>Webbplats: <a href=\"http:\/\/www.meuskills.eu\">www.meuskills.eu<\/a><\/p>\n<p>Facebook: <a href=\"https:\/\/www.facebook.com\/meus.markeut\">https:\/\/www.facebook.com\/meus.markeut<\/a><\/p>\n<p>LinkedIn: <a href=\"https:\/\/www.linkedin.com\/company\/meuskills\">https:\/\/www.linkedin.com\/company\/meuskills<\/a><\/p>\n<hr \/>\n<h3 style=\"text-align: center;\"><strong>INSTITUTE F\u00d6R ENTREPREN\u00d6RSKAPSUTVECKLING \u2013 Grekland<\/strong><\/h3>\n<p><img decoding=\"async\" class=\"aligncenter wp-image-787 size-full\" src=\"https:\/\/esg-up.erasmus.site\/wp-content\/uploads\/2023\/09\/ied.png\" alt=\"\" width=\"300\" height=\"300\" srcset=\"https:\/\/esg-up.erasmus.site\/wp-content\/uploads\/2023\/09\/ied.png 300w, https:\/\/esg-up.erasmus.site\/wp-content\/uploads\/2023\/09\/ied-150x150.png 150w, https:\/\/esg-up.erasmus.site\/wp-content\/uploads\/2023\/09\/ied-24x24.png 24w, https:\/\/esg-up.erasmus.site\/wp-content\/uploads\/2023\/09\/ied-36x36.png 36w, https:\/\/esg-up.erasmus.site\/wp-content\/uploads\/2023\/09\/ied-48x48.png 48w\" sizes=\"(max-width: 300px) 100vw, 300px\" \/><\/p>\n<p>Institute of Entrepreneurship Development (iED) \u00e4r en grekisk ideell organisation som har \u00e5tagit sig att fr\u00e4mja innovation och st\u00e4rka entrepren\u00f6rsandan. iED, som grundades 2005, \u00e4r ett certifierat ledande Center of Excellence inom europeiskt entrepren\u00f6rskap och en snabbv\u00e4xande Digital Innovation Hub, registrerad som medlem i Europeiska kommissionens katalog \u00f6ver DIHs, som erk\u00e4nner entrepren\u00f6rskap som en avg\u00f6rande faktor f\u00f6r framtiden f\u00f6r h\u00e5llbar utveckling och sammanh\u00e5llning av samh\u00e4llen. Den bedriver forskning och tillhandah\u00e5ller innovativa l\u00f6sningar som underl\u00e4ttar tillv\u00e4xten av entrepren\u00f6rskap och fr\u00e4mjar syssels\u00e4ttningen.<\/p>\n<p>Under de 15 \u00e5ren vi haft v\u00e5r verksamhet har vi deltagit i planering, genomf\u00f6rande och spridning av mer \u00e4n 200 nationella och europeiska projekt inom ett flertal finansiella ramar (Horizon, Erasmus+, AMIF, REC, COSME, INTERREG, ENI CBC MED, Life etc.). V\u00e5r erfarenhet gav oss en unik insikt i de praktiska aspekterna av genomf\u00f6randet av storskaliga samfinansieringsprojekt, vilket g\u00f6r oss till en stark och p\u00e5litlig europeisk projektpartner och ledare. Det har ocks\u00e5 f\u00f6rsett oss med ett extremt brett n\u00e4tverk av mer \u00e4n 4 200 partners och samarbetsorganisationer fr\u00e5n EU och utanf\u00f6r.<\/p>\n<p>Webbplats: <a href=\"https:\/\/ied.eu\/\">https:\/\/ied.eu\/<\/a><\/p>\n<p>Facebook: <a href=\"https:\/\/www.facebook.com\/ied.europe\">https:\/\/www.facebook.com\/ied.europe<\/a><\/p>\n<p>Instagram: <a href=\"https:\/\/www.instagram.com\/ied.europe\/\">https:\/\/www.instagram.com\/ied.europe\/<\/a><\/p>\n<p>Twitter: <a href=\"https:\/\/twitter.com\/ied_europe\">https:\/\/twitter.com\/ied_europe<\/a><\/p>\n<p>LinkedIn: <a href=\"https:\/\/www.linkedin.com\/company\/iedeurope\/\">https:\/\/www.linkedin.com\/company\/iedeurope\/<\/a><\/p>\n<hr \/>\n<h3 style=\"text-align: center;\"><strong>FYG CONSULTORES \u2013 Spanien<\/strong><\/h3>\n<p><img loading=\"lazy\" decoding=\"async\" class=\"aligncenter wp-image-789 size-full\" src=\"https:\/\/esg-up.erasmus.site\/wp-content\/uploads\/2023\/09\/fyg.png\" alt=\"\" width=\"300\" height=\"300\" srcset=\"https:\/\/esg-up.erasmus.site\/wp-content\/uploads\/2023\/09\/fyg.png 300w, https:\/\/esg-up.erasmus.site\/wp-content\/uploads\/2023\/09\/fyg-150x150.png 150w, https:\/\/esg-up.erasmus.site\/wp-content\/uploads\/2023\/09\/fyg-24x24.png 24w, https:\/\/esg-up.erasmus.site\/wp-content\/uploads\/2023\/09\/fyg-36x36.png 36w, https:\/\/esg-up.erasmus.site\/wp-content\/uploads\/2023\/09\/fyg-48x48.png 48w\" sizes=\"(max-width: 300px) 100vw, 300px\" \/><\/p>\n<p>Instalofi Levante S.L. &#8211; FyG Consultores (FYG) \u00e4r en privat utbildnings- och tr\u00e4ningsorganisation som fr\u00e4mjar den lokala arbetsmarknaden samt en livsl\u00e5ng l\u00e4randeprocess f\u00f6r vuxna, f\u00f6retag och ungdomar. FYG arbetar aktivt med karri\u00e4rutvecklingstj\u00e4nster f\u00f6r att h\u00e4nvisa till ett brett utbud av program och tj\u00e4nster vars huvudsakliga syfte \u00e4r att hj\u00e4lpa individer att f\u00e5 kunskap, f\u00e4rdigheter och attityder f\u00f6r att utveckla livsf\u00e4rdigheter och att hantera sitt l\u00e4rande, sitt arbete och sin karri\u00e4r. Utbildningsprogrammen som FyG levererar \u00e4r relaterade till f\u00f6retagsskapande och innovativa koncept, entrepren\u00f6rskap, digital kompetens och transformation, utveckling av tj\u00e4nster, tj\u00e4nstedesignt\u00e4nkande, anst\u00e4llningsbarhet grundl\u00e4ggande och mjuka f\u00e4rdigheter utbildning. Grundades 2001, \u00e4r ocks\u00e5 n\u00e4rvarande p\u00e5 internationella marknader och agerar aktivt inom omr\u00e5det f\u00f6r r\u00e5dgivare f\u00f6r internationaliseringsstrategier, och hj\u00e4lper f\u00f6retag att definiera strategier som till\u00e5ter dem att v\u00e4xa p\u00e5 utl\u00e4ndska marknader och internationella aff\u00e4rer.<\/p>\n<p>Webbplats: <a href=\"http:\/\/www.fygconsultores.com\/\">http:\/\/www.fygconsultores.com\/<\/a><\/p>\n<p>Facebook: <a href=\"https:\/\/www.facebook.com\/fygconsultoresvalencia\/\">https:\/\/www.facebook.com\/fygconsultoresvalencia\/<\/a><\/p>\n<p>LinkedIn: <a href=\"https:\/\/www.linkedin.com\/company\/fygconsultores\/\">https:\/\/www.linkedin.com\/company\/fygconsultores\/<\/a><\/p>\n<hr \/>\n<h3 style=\"text-align: center;\"><strong>SWIDEAS \u2013 Sverige<\/strong><\/h3>\n<p><img loading=\"lazy\" decoding=\"async\" class=\"aligncenter wp-image-790 size-full\" src=\"https:\/\/esg-up.erasmus.site\/wp-content\/uploads\/2023\/09\/swideas.png\" alt=\"\" width=\"300\" height=\"300\" srcset=\"https:\/\/esg-up.erasmus.site\/wp-content\/uploads\/2023\/09\/swideas.png 300w, https:\/\/esg-up.erasmus.site\/wp-content\/uploads\/2023\/09\/swideas-150x150.png 150w, https:\/\/esg-up.erasmus.site\/wp-content\/uploads\/2023\/09\/swideas-24x24.png 24w, https:\/\/esg-up.erasmus.site\/wp-content\/uploads\/2023\/09\/swideas-36x36.png 36w, https:\/\/esg-up.erasmus.site\/wp-content\/uploads\/2023\/09\/swideas-48x48.png 48w\" sizes=\"(max-width: 300px) 100vw, 300px\" \/><\/p>\n<p>SwIdeas AB \u00e4r en entrepren\u00f6riell multikulturell organisation som grundades 2013 och som \u00f6verbryggar och samarbetar med sm\u00e5skaliga f\u00f6retag och frivilligorganisationer inom start-up, internationell utveckling, social utveckling och r\u00e5dgivning. Fokus ligger p\u00e5 f\u00f6retags och organisationers milj\u00f6m\u00e4ssiga och sociala ansvar, samt p\u00e5 internationella utvecklingsprojekt. SwIdeas verksamhet och projekt ligger inom sf\u00e4rerna CSR och social utveckling f\u00f6r h\u00e5llbar och b\u00e4ttre genomslagskraft. Med hj\u00e4lp av utbildnings- och inl\u00e4rningsverktyg som nyckelfacilitatorer f\u00f6r social f\u00f6r\u00e4ndring har vi arbetat f\u00f6r att f\u00f6rb\u00e4ttra tillg\u00e5ngen till utbildning inom arbetsmarknadssektorer, s\u00e4rskilt med fokus p\u00e5 den cirkul\u00e4ra ekonomin och h\u00e5llbara\/ansvarsfulla aff\u00e4rsmodeller. V\u00e5ra huvudsakliga m\u00e5l \u00e4r att fr\u00e4mja social och milj\u00f6m\u00e4ssig medvetenhet, samt entrepren\u00f6riell kunskap och organisationsstruktur hos sm\u00e5 och medelstora f\u00f6retag i Sverige, nystartade f\u00f6retag och sociala f\u00f6retag genom att underl\u00e4tta utbildningar, workshops och mentorskapsprogram. SwIdeas genomf\u00f6r \u00e4ven konsultverksamhet inom utbildning, forskning och organisationsutveckling genom att erbjuda strategisk planering, mentorskap och coachningstj\u00e4nster f\u00f6r aff\u00e4rs- och projektutveckling.<\/p>\n<p>Hemsida: <a href=\"https:\/\/www.swideas.se\/\">https:\/\/www.swideas.se\/<\/a><\/p>\n<p>Facebook: <a href=\"https:\/\/www.facebook.com\/swideasab\/\">https:\/\/www.facebook.com\/swideasab\/<\/a><\/p>\n<p>Instagram: <a href=\"https:\/\/www.instagram.com\/swideasab\/\">https:\/\/www.instagram.com\/swideasab\/<\/a><\/p>\n<p>LinkedIn: <a href=\"https:\/\/www.linkedin.com\/company\/swideas-ab\/\">https:\/\/www.linkedin.com\/company\/swideas-ab\/<\/a><\/p>\n<hr \/>\n<h3 style=\"text-align: center;\"><strong>CENTRUM F\u00d6R UTBILDNING OCH ENTREPREN\u00d6RSKAPSST\u00d6D \u2013 Polen<\/strong><\/h3>\n<p><img loading=\"lazy\" decoding=\"async\" class=\"aligncenter wp-image-791 size-full\" src=\"https:\/\/esg-up.erasmus.site\/wp-content\/uploads\/2023\/09\/cwep.png\" alt=\"\" width=\"300\" height=\"300\" srcset=\"https:\/\/esg-up.erasmus.site\/wp-content\/uploads\/2023\/09\/cwep.png 300w, https:\/\/esg-up.erasmus.site\/wp-content\/uploads\/2023\/09\/cwep-150x150.png 150w, https:\/\/esg-up.erasmus.site\/wp-content\/uploads\/2023\/09\/cwep-24x24.png 24w, https:\/\/esg-up.erasmus.site\/wp-content\/uploads\/2023\/09\/cwep-36x36.png 36w, https:\/\/esg-up.erasmus.site\/wp-content\/uploads\/2023\/09\/cwep-48x48.png 48w\" sizes=\"(max-width: 300px) 100vw, 300px\" \/><\/p>\n<p>Center For Education And Entrepreneurship Support (CWEP) \u00e4r en icke-statlig organisation som grundades 2004 av en grupp entrepren\u00f6rer, l\u00e4rare och sociala aktivister fr\u00e5n Rzeszow, Polen. CWEP samarbetar med f\u00f6retag och utbildningsinstitutioner. CWEP:s uppdrag \u00e4r att h\u00f6ja kvaliteten p\u00e5 utbildning p\u00e5 alla niv\u00e5er och i alla dess former, samt att fr\u00e4mja entrepren\u00f6rskap f\u00f6r att fr\u00e4mja integration av alla sociala grupper, oavsett k\u00f6n, \u00e5lder eller etniskt ursprung. M\u00e5len \u00e4r s\u00e4rskilt att f\u00f6rb\u00e4ttra tillg\u00e4ngligheten, kvaliteten och effektiviteten i utbildningen f\u00f6r alla m\u00e4nniskor, att fr\u00e4mja och bidra till vuxenutbildning, livsl\u00e5ngt l\u00e4rande, e-l\u00e4rande och anv\u00e4ndningen av ny teknik inom utbildning och entrepren\u00f6rskap. F\u00f6reningen arbetar med m\u00e5nga partners fr\u00e5n Europa f\u00f6r att st\u00e4rka f\u00f6retagens ekonomiska st\u00e4llning och tillhandah\u00e5ller online plattformar f\u00f6r f\u00f6retag.<\/p>\n<p>Webbplats: <a href=\"https:\/\/cwep.eu\/\">https:\/\/cwep.eu\/<\/a><\/p>\n<p>Facebook: <a href=\"https:\/\/www.facebook.com\/CWEP.EU\">https:\/\/www.facebook.com\/CWEP.EU<\/a><\/p>\n<p>Twitter: <a href=\"https:\/\/twitter.com\/CWEPEu\">https:\/\/twitter.com\/CWEPEu<\/a><\/p>\n<p>LinkedIn: <a href=\"https:\/\/www.linkedin.com\/company\/cwep\/\">https:\/\/www.linkedin.com\/company\/cwep\/<\/a><\/p>","protected":false},"excerpt":{"rendered":"<p>DUBLIN HANDELSKAMMAREN &#8211; Irland &#8211; Projektkoordinator Dublin Chamber representerar mer \u00e4n 1 300 f\u00f6retag, fr\u00e5n nystartade f\u00f6retag till multinationella f\u00f6retag,&hellip;&nbsp;<\/p>\n","protected":false},"author":1,"featured_media":70,"parent":0,"menu_order":0,"comment_status":"closed","ping_status":"closed","template":"","meta":{"neve_meta_sidebar":"","neve_meta_container":"","neve_meta_enable_content_width":"off","neve_meta_content_width":100,"neve_meta_title_alignment":"","neve_meta_author_avatar":"","neve_post_elements_order":"","neve_meta_disable_header":"","neve_meta_disable_footer":"","neve_meta_disable_title":"","footnotes":""},"class_list":["post-78","page","type-page","status-publish","has-post-thumbnail","hentry"],"_links":{"self":[{"href":"https:\/\/esg-up.erasmus.site\/sv\/wp-json\/wp\/v2\/pages\/78","targetHints":{"allow":["GET"]}}],"collection":[{"href":"https:\/\/esg-up.erasmus.site\/sv\/wp-json\/wp\/v2\/pages"}],"about":[{"href":"https:\/\/esg-up.erasmus.site\/sv\/wp-json\/wp\/v2\/types\/page"}],"author":[{"embeddable":true,"href":"https:\/\/esg-up.erasmus.site\/sv\/wp-json\/wp\/v2\/users\/1"}],"replies":[{"embeddable":true,"href":"https:\/\/esg-up.erasmus.site\/sv\/wp-json\/wp\/v2\/comments?post=78"}],"version-history":[{"count":12,"href":"https:\/\/esg-up.erasmus.site\/sv\/wp-json\/wp\/v2\/pages\/78\/revisions"}],"predecessor-version":[{"id":867,"href":"https:\/\/esg-up.erasmus.site\/sv\/wp-json\/wp\/v2\/pages\/78\/revisions\/867"}],"wp:featuredmedia":[{"embeddable":true,"href":"https:\/\/esg-up.erasmus.site\/sv\/wp-json\/wp\/v2\/media\/70"}],"wp:attachment":[{"href":"https:\/\/esg-up.erasmus.site\/sv\/wp-json\/wp\/v2\/media?parent=78"}],"curies":[{"name":"wp","href":"https:\/\/api.w.org\/{rel}","templated":true}]}}