{"id":72,"date":"2022-09-05T14:10:39","date_gmt":"2022-09-05T14:10:39","guid":{"rendered":"https:\/\/esg-up.erasmus.site\/?page_id=72"},"modified":"2024-03-14T14:00:23","modified_gmt":"2024-03-14T14:00:23","slug":"results","status":"publish","type":"page","link":"https:\/\/esg-up.erasmus.site\/sv\/results\/","title":{"rendered":"Resultat"},"content":{"rendered":"\t\t<div data-elementor-type=\"wp-page\" data-elementor-id=\"72\" class=\"elementor elementor-72\">\n\t\t\t\t\t\t<section class=\"elementor-section elementor-top-section elementor-element elementor-element-f7d3fd4 elementor-section-boxed elementor-section-height-default elementor-section-height-default\" data-id=\"f7d3fd4\" data-element_type=\"section\" data-e-type=\"section\">\n\t\t\t\t\t\t<div class=\"elementor-container elementor-column-gap-default\">\n\t\t\t\t\t<div class=\"elementor-column elementor-col-100 elementor-top-column elementor-element elementor-element-139ba55\" data-id=\"139ba55\" data-element_type=\"column\" data-e-type=\"column\">\n\t\t\t<div class=\"elementor-widget-wrap elementor-element-populated\">\n\t\t\t\t\t\t<div class=\"elementor-element elementor-element-22f7087 elementor-widget elementor-widget-text-editor\" data-id=\"22f7087\" data-element_type=\"widget\" data-e-type=\"widget\" data-widget_type=\"text-editor.default\">\n\t\t\t\t<div class=\"elementor-widget-container\">\n\t\t\t\t\t\t\t\t\t<p><\/p><p><\/p><p><\/p><p><\/p><p><\/p><p>ESG-UP har tre huvudprojektresultat.<\/p><p>Dessa resultat kommer att g\u00f6ra det m\u00f6jligt f\u00f6r sm\u00e5 och medelstora f\u00f6retags anst\u00e4llda att utveckla och implementera effektiva h\u00e5llbara aff\u00e4rsmodeller med en holistisk helhetsstrategi.<\/p>\t\t\t\t\t\t\t\t<\/div>\n\t\t\t\t<\/div>\n\t\t\t\t\t<\/div>\n\t\t<\/div>\n\t\t\t\t\t<\/div>\n\t\t<\/section>\n\t\t\t\t<section class=\"elementor-section elementor-top-section elementor-element elementor-element-81236bc elementor-section-boxed elementor-section-height-default elementor-section-height-default\" data-id=\"81236bc\" data-element_type=\"section\" data-e-type=\"section\">\n\t\t\t\t\t\t<div class=\"elementor-container elementor-column-gap-default\">\n\t\t\t\t\t<div class=\"elementor-column elementor-col-33 elementor-top-column elementor-element elementor-element-aa04921 elementor-invisible\" data-id=\"aa04921\" data-element_type=\"column\" data-e-type=\"column\" data-settings=\"{&quot;animation&quot;:&quot;fadeIn&quot;}\">\n\t\t\t<div class=\"elementor-widget-wrap elementor-element-populated\">\n\t\t\t\t\t\t<div class=\"elementor-element elementor-element-5181a4f elementor-widget elementor-widget-image\" data-id=\"5181a4f\" data-element_type=\"widget\" data-e-type=\"widget\" data-widget_type=\"image.default\">\n\t\t\t\t<div class=\"elementor-widget-container\">\n\t\t\t\t\t\t\t\t\t\t\t\t\t\t\t<img fetchpriority=\"high\" decoding=\"async\" width=\"300\" height=\"300\" src=\"https:\/\/esg-up.erasmus.site\/wp-content\/uploads\/2022\/09\/lefas-number-1-made-real-alive-leafs-with-precious-paper-cut-shape-number-leafs-font-300x300.jpg\" class=\"attachment-medium size-medium wp-image-58\" alt=\"\" srcset=\"https:\/\/esg-up.erasmus.site\/wp-content\/uploads\/2022\/09\/lefas-number-1-made-real-alive-leafs-with-precious-paper-cut-shape-number-leafs-font-300x300.jpg 300w, https:\/\/esg-up.erasmus.site\/wp-content\/uploads\/2022\/09\/lefas-number-1-made-real-alive-leafs-with-precious-paper-cut-shape-number-leafs-font-1024x1024.jpg 1024w, https:\/\/esg-up.erasmus.site\/wp-content\/uploads\/2022\/09\/lefas-number-1-made-real-alive-leafs-with-precious-paper-cut-shape-number-leafs-font-150x150.jpg 150w, https:\/\/esg-up.erasmus.site\/wp-content\/uploads\/2022\/09\/lefas-number-1-made-real-alive-leafs-with-precious-paper-cut-shape-number-leafs-font-768x768.jpg 768w, https:\/\/esg-up.erasmus.site\/wp-content\/uploads\/2022\/09\/lefas-number-1-made-real-alive-leafs-with-precious-paper-cut-shape-number-leafs-font-1536x1536.jpg 1536w, https:\/\/esg-up.erasmus.site\/wp-content\/uploads\/2022\/09\/lefas-number-1-made-real-alive-leafs-with-precious-paper-cut-shape-number-leafs-font-2048x2048.jpg 2048w\" sizes=\"(max-width: 300px) 100vw, 300px\" \/>\t\t\t\t\t\t\t\t\t\t\t\t\t\t\t<\/div>\n\t\t\t\t<\/div>\n\t\t\t\t<div class=\"elementor-element elementor-element-b7020c1 elementor-widget elementor-widget-heading\" data-id=\"b7020c1\" data-element_type=\"widget\" data-e-type=\"widget\" data-widget_type=\"heading.default\">\n\t\t\t\t<div class=\"elementor-widget-container\">\n\t\t\t\t\t<h2 class=\"elementor-heading-title elementor-size-medium\">PR1: Mobil rapport om h\u00e5llbar utf\u00f6rande<\/h2>\t\t\t\t<\/div>\n\t\t\t\t<\/div>\n\t\t\t\t<div class=\"elementor-element elementor-element-8353920 elementor-widget elementor-widget-text-editor\" data-id=\"8353920\" data-element_type=\"widget\" data-e-type=\"widget\" data-widget_type=\"text-editor.default\">\n\t\t\t\t<div class=\"elementor-widget-container\">\n\t\t\t\t\t\t\t\t\t<p><\/p><p><\/p><p><\/p><p><\/p><p><\/p><p>Detta resultat kommer att bidra till att t\u00e4cka behovet av medvetenhet om l\u00e5ngsiktiga \u00e5tg\u00e4rder f\u00f6r h\u00e5llbara resultat genom ESG-principer och behovet av en l\u00e5ngsiktig strategi. Den mobila rapporten avsl\u00f6jar de mest n\u00f6dv\u00e4ndiga f\u00e4rdigheterna relaterade till h\u00e5llbarhet och har formen av en interaktiv resurs som g\u00f6r det m\u00f6jligt att s\u00f6ka och filtrera \u00e4mnen och svar med olika kriterier.<\/p><p><\/p>\t\t\t\t\t\t\t\t<\/div>\n\t\t\t\t<\/div>\n\t\t\t\t<div class=\"elementor-element elementor-element-976efd4 elementor-align-center elementor-widget elementor-widget-button\" data-id=\"976efd4\" data-element_type=\"widget\" data-e-type=\"widget\" data-widget_type=\"button.default\">\n\t\t\t\t<div class=\"elementor-widget-container\">\n\t\t\t\t\t\t\t\t\t<div class=\"elementor-button-wrapper\">\n\t\t\t\t\t<a class=\"elementor-button elementor-button-link elementor-size-sm\" href=\"https:\/\/esg-up.erasmus.site\/report\/\">\n\t\t\t\t\t\t<span class=\"elementor-button-content-wrapper\">\n\t\t\t\t\t\t\t\t\t<span class=\"elementor-button-text\">Report<\/span>\n\t\t\t\t\t<\/span>\n\t\t\t\t\t<\/a>\n\t\t\t\t<\/div>\n\t\t\t\t\t\t\t\t<\/div>\n\t\t\t\t<\/div>\n\t\t\t\t<section class=\"elementor-section elementor-inner-section elementor-element elementor-element-f905874 elementor-section-boxed elementor-section-height-default elementor-section-height-default\" data-id=\"f905874\" data-element_type=\"section\" data-e-type=\"section\">\n\t\t\t\t\t\t<div class=\"elementor-container elementor-column-gap-default\">\n\t\t\t\t\t<div class=\"elementor-column elementor-col-50 elementor-inner-column elementor-element elementor-element-6356c09\" data-id=\"6356c09\" data-element_type=\"column\" data-e-type=\"column\">\n\t\t\t<div class=\"elementor-widget-wrap elementor-element-populated\">\n\t\t\t\t\t\t<div class=\"elementor-element elementor-element-ba9b95e elementor-widget elementor-widget-image\" data-id=\"ba9b95e\" data-element_type=\"widget\" data-e-type=\"widget\" data-widget_type=\"image.default\">\n\t\t\t\t<div class=\"elementor-widget-container\">\n\t\t\t\t\t\t\t\t\t\t\t\t\t\t\t\t<a href=\"https:\/\/play.google.com\/store\/apps\/details?id=eu.dcnet.esgup\" target=\"_blank\">\n\t\t\t\t\t\t\t<img decoding=\"async\" width=\"650\" height=\"300\" src=\"https:\/\/esg-up.erasmus.site\/wp-content\/uploads\/2023\/02\/icons-google-play.png\" class=\"attachment-1536x1536 size-1536x1536 wp-image-367\" alt=\"\" srcset=\"https:\/\/esg-up.erasmus.site\/wp-content\/uploads\/2023\/02\/icons-google-play.png 650w, https:\/\/esg-up.erasmus.site\/wp-content\/uploads\/2023\/02\/icons-google-play-300x138.png 300w, https:\/\/esg-up.erasmus.site\/wp-content\/uploads\/2023\/02\/icons-google-play-24x11.png 24w, https:\/\/esg-up.erasmus.site\/wp-content\/uploads\/2023\/02\/icons-google-play-36x17.png 36w, https:\/\/esg-up.erasmus.site\/wp-content\/uploads\/2023\/02\/icons-google-play-48x22.png 48w\" sizes=\"(max-width: 650px) 100vw, 650px\" \/>\t\t\t\t\t\t\t\t<\/a>\n\t\t\t\t\t\t\t\t\t\t\t\t\t\t\t<\/div>\n\t\t\t\t<\/div>\n\t\t\t\t\t<\/div>\n\t\t<\/div>\n\t\t\t\t<div class=\"elementor-column elementor-col-50 elementor-inner-column elementor-element elementor-element-45693d8\" data-id=\"45693d8\" data-element_type=\"column\" data-e-type=\"column\">\n\t\t\t<div class=\"elementor-widget-wrap elementor-element-populated\">\n\t\t\t\t\t\t<div class=\"elementor-element elementor-element-17785d5 elementor-widget elementor-widget-image\" data-id=\"17785d5\" data-element_type=\"widget\" data-e-type=\"widget\" data-widget_type=\"image.default\">\n\t\t\t\t<div class=\"elementor-widget-container\">\n\t\t\t\t\t\t\t\t\t\t\t\t\t\t\t\t<a href=\"https:\/\/apps.apple.com\/us\/app\/esg-up\/id1661924279\" target=\"_blank\">\n\t\t\t\t\t\t\t<img decoding=\"async\" width=\"300\" height=\"101\" src=\"https:\/\/esg-up.erasmus.site\/wp-content\/uploads\/2023\/02\/app-store-badge-300x101.png\" class=\"attachment-medium size-medium wp-image-368\" alt=\"\" srcset=\"https:\/\/esg-up.erasmus.site\/wp-content\/uploads\/2023\/02\/app-store-badge-300x101.png 300w, https:\/\/esg-up.erasmus.site\/wp-content\/uploads\/2023\/02\/app-store-badge-24x8.png 24w, https:\/\/esg-up.erasmus.site\/wp-content\/uploads\/2023\/02\/app-store-badge-36x12.png 36w, https:\/\/esg-up.erasmus.site\/wp-content\/uploads\/2023\/02\/app-store-badge-48x16.png 48w, https:\/\/esg-up.erasmus.site\/wp-content\/uploads\/2023\/02\/app-store-badge.png 320w\" sizes=\"(max-width: 300px) 100vw, 300px\" \/>\t\t\t\t\t\t\t\t<\/a>\n\t\t\t\t\t\t\t\t\t\t\t\t\t\t\t<\/div>\n\t\t\t\t<\/div>\n\t\t\t\t\t<\/div>\n\t\t<\/div>\n\t\t\t\t\t<\/div>\n\t\t<\/section>\n\t\t\t\t\t<\/div>\n\t\t<\/div>\n\t\t\t\t<div class=\"elementor-column elementor-col-33 elementor-top-column elementor-element elementor-element-d89c3ef elementor-invisible\" data-id=\"d89c3ef\" data-element_type=\"column\" data-e-type=\"column\" data-settings=\"{&quot;animation&quot;:&quot;fadeIn&quot;}\">\n\t\t\t<div class=\"elementor-widget-wrap elementor-element-populated\">\n\t\t\t\t\t\t<div class=\"elementor-element elementor-element-1c7e968 elementor-widget elementor-widget-image\" data-id=\"1c7e968\" data-element_type=\"widget\" data-e-type=\"widget\" data-widget_type=\"image.default\">\n\t\t\t\t<div class=\"elementor-widget-container\">\n\t\t\t\t\t\t\t\t\t\t\t\t\t\t\t<img loading=\"lazy\" decoding=\"async\" width=\"300\" height=\"300\" src=\"https:\/\/esg-up.erasmus.site\/wp-content\/uploads\/2022\/09\/lefas-number-2-made-real-alive-leafs-with-precious-paper-cut-shape-number-leafs-font-300x300.jpg\" class=\"attachment-medium size-medium wp-image-59\" alt=\"\" srcset=\"https:\/\/esg-up.erasmus.site\/wp-content\/uploads\/2022\/09\/lefas-number-2-made-real-alive-leafs-with-precious-paper-cut-shape-number-leafs-font-300x300.jpg 300w, https:\/\/esg-up.erasmus.site\/wp-content\/uploads\/2022\/09\/lefas-number-2-made-real-alive-leafs-with-precious-paper-cut-shape-number-leafs-font-1024x1024.jpg 1024w, https:\/\/esg-up.erasmus.site\/wp-content\/uploads\/2022\/09\/lefas-number-2-made-real-alive-leafs-with-precious-paper-cut-shape-number-leafs-font-150x150.jpg 150w, https:\/\/esg-up.erasmus.site\/wp-content\/uploads\/2022\/09\/lefas-number-2-made-real-alive-leafs-with-precious-paper-cut-shape-number-leafs-font-768x768.jpg 768w, https:\/\/esg-up.erasmus.site\/wp-content\/uploads\/2022\/09\/lefas-number-2-made-real-alive-leafs-with-precious-paper-cut-shape-number-leafs-font-1536x1536.jpg 1536w, https:\/\/esg-up.erasmus.site\/wp-content\/uploads\/2022\/09\/lefas-number-2-made-real-alive-leafs-with-precious-paper-cut-shape-number-leafs-font-2048x2048.jpg 2048w\" sizes=\"(max-width: 300px) 100vw, 300px\" \/>\t\t\t\t\t\t\t\t\t\t\t\t\t\t\t<\/div>\n\t\t\t\t<\/div>\n\t\t\t\t<div class=\"elementor-element elementor-element-c553d1d elementor-widget elementor-widget-heading\" data-id=\"c553d1d\" data-element_type=\"widget\" data-e-type=\"widget\" data-widget_type=\"heading.default\">\n\t\t\t\t<div class=\"elementor-widget-container\">\n\t\t\t\t\t<h2 class=\"elementor-heading-title elementor-size-medium\">PR2: Utbildningspaket<\/h2>\t\t\t\t<\/div>\n\t\t\t\t<\/div>\n\t\t\t\t<div class=\"elementor-element elementor-element-1e882da elementor-widget elementor-widget-text-editor\" data-id=\"1e882da\" data-element_type=\"widget\" data-e-type=\"widget\" data-widget_type=\"text-editor.default\">\n\t\t\t\t<div class=\"elementor-widget-container\">\n\t\t\t\t\t\t\t\t\t<p><\/span><\/p><p><\/li><\/ul><p><\/span><\/p><p><\/span><\/p><p><\/p><p>Resultatet \u00e4r uppdelat i 2 delar.<\/p><p>Riktlinjer f\u00f6r h\u00e5llbarhet, \u00e4r en sammanst\u00e4llning av information om h\u00e5llbara f\u00f6retag. Det tar formen av tr\u00e4ningspiller med aktiviteter som man kan oms\u00e4tta i praktiken f\u00f6r att utveckla de mest n\u00f6dv\u00e4ndiga f\u00e4rdigheterna.<\/p><p>Samarbete och kamratl\u00e4rande, \u00e4r en online m\u00f6tesplats f\u00f6r att bygga nya kopplingar f\u00f6r utveckling av mer inkluderande och integrerade h\u00e5llbara planer som ska till\u00e4mpas internt och externt inom ett f\u00f6retag.<span style=\"font-family: var( --e-global-typography-text-font-family ), Sans-serif; font-weight: var( --e-global-typography-text-font-weight ); font-size: var(--bodyfontsize); letter-spacing: var(--bodyletterspacing); text-transform: var(--bodytexttransform);\"><\/span><\/p>\t\t\t\t\t\t\t\t<\/div>\n\t\t\t\t<\/div>\n\t\t\t\t<div class=\"elementor-element elementor-element-50d3bb6 elementor-align-center elementor-widget elementor-widget-button\" data-id=\"50d3bb6\" data-element_type=\"widget\" data-e-type=\"widget\" data-widget_type=\"button.default\">\n\t\t\t\t<div class=\"elementor-widget-container\">\n\t\t\t\t\t\t\t\t\t<div class=\"elementor-button-wrapper\">\n\t\t\t\t\t<a class=\"elementor-button elementor-button-link elementor-size-sm\" href=\"https:\/\/esg-up.erasmus.site\/courses-2\/\">\n\t\t\t\t\t\t<span class=\"elementor-button-content-wrapper\">\n\t\t\t\t\t\t\t\t\t<span class=\"elementor-button-text\">Open<\/span>\n\t\t\t\t\t<\/span>\n\t\t\t\t\t<\/a>\n\t\t\t\t<\/div>\n\t\t\t\t\t\t\t\t<\/div>\n\t\t\t\t<\/div>\n\t\t\t\t\t<\/div>\n\t\t<\/div>\n\t\t\t\t<div class=\"elementor-column elementor-col-33 elementor-top-column elementor-element elementor-element-cd39014 elementor-invisible\" data-id=\"cd39014\" data-element_type=\"column\" data-e-type=\"column\" data-settings=\"{&quot;animation&quot;:&quot;fadeIn&quot;}\">\n\t\t\t<div class=\"elementor-widget-wrap elementor-element-populated\">\n\t\t\t\t\t\t<div class=\"elementor-element elementor-element-fc1f8c2 elementor-widget elementor-widget-image\" data-id=\"fc1f8c2\" data-element_type=\"widget\" data-e-type=\"widget\" data-widget_type=\"image.default\">\n\t\t\t\t<div class=\"elementor-widget-container\">\n\t\t\t\t\t\t\t\t\t\t\t\t\t\t\t<img loading=\"lazy\" decoding=\"async\" width=\"300\" height=\"300\" src=\"https:\/\/esg-up.erasmus.site\/wp-content\/uploads\/2022\/09\/lefas-number-3-made-real-alive-leafs-with-precious-paper-cut-shape-number-leafs-font-300x300.jpg\" class=\"attachment-medium size-medium wp-image-60\" alt=\"\" srcset=\"https:\/\/esg-up.erasmus.site\/wp-content\/uploads\/2022\/09\/lefas-number-3-made-real-alive-leafs-with-precious-paper-cut-shape-number-leafs-font-300x300.jpg 300w, https:\/\/esg-up.erasmus.site\/wp-content\/uploads\/2022\/09\/lefas-number-3-made-real-alive-leafs-with-precious-paper-cut-shape-number-leafs-font-1024x1024.jpg 1024w, https:\/\/esg-up.erasmus.site\/wp-content\/uploads\/2022\/09\/lefas-number-3-made-real-alive-leafs-with-precious-paper-cut-shape-number-leafs-font-150x150.jpg 150w, https:\/\/esg-up.erasmus.site\/wp-content\/uploads\/2022\/09\/lefas-number-3-made-real-alive-leafs-with-precious-paper-cut-shape-number-leafs-font-768x768.jpg 768w, https:\/\/esg-up.erasmus.site\/wp-content\/uploads\/2022\/09\/lefas-number-3-made-real-alive-leafs-with-precious-paper-cut-shape-number-leafs-font-1536x1536.jpg 1536w, https:\/\/esg-up.erasmus.site\/wp-content\/uploads\/2022\/09\/lefas-number-3-made-real-alive-leafs-with-precious-paper-cut-shape-number-leafs-font-2048x2048.jpg 2048w\" sizes=\"(max-width: 300px) 100vw, 300px\" \/>\t\t\t\t\t\t\t\t\t\t\t\t\t\t\t<\/div>\n\t\t\t\t<\/div>\n\t\t\t\t<div class=\"elementor-element elementor-element-95de092 elementor-widget elementor-widget-heading\" data-id=\"95de092\" data-element_type=\"widget\" data-e-type=\"widget\" data-widget_type=\"heading.default\">\n\t\t\t\t<div class=\"elementor-widget-container\">\n\t\t\t\t\t<h2 class=\"elementor-heading-title elementor-size-medium\">PR3: Panorama \u00f6ver h\u00e5llbar aff\u00e4rspraxis och sj\u00e4lvutv\u00e4rderingsverktyg<\/h2>\t\t\t\t<\/div>\n\t\t\t\t<\/div>\n\t\t\t\t<div class=\"elementor-element elementor-element-06ab0ed elementor-widget elementor-widget-text-editor\" data-id=\"06ab0ed\" data-element_type=\"widget\" data-e-type=\"widget\" data-widget_type=\"text-editor.default\">\n\t\t\t\t<div class=\"elementor-widget-container\">\n\t\t\t\t\t\t\t\t\t<p><\/strong><\/p><p><\/span><\/p><p><\/span><\/p><p><\/span><\/p><p>Det interaktiva online verktyget kommer att inneh\u00e5lla exempel p\u00e5 h\u00e5llbarhet och v\u00e4gledning f\u00f6r deras implementering i f\u00f6retagen. Sj\u00e4lvutv\u00e4rderingsverktyget har formen av ett fr\u00e5geformul\u00e4r om h\u00e5llbarhetsprestanda.<span style=\"font-family: var( --e-global-typography-text-font-family ), Sans-serif; font-weight: var( --e-global-typography-text-font-weight ); font-size: var(--bodyfontsize); letter-spacing: var(--bodyletterspacing); text-transform: var(--bodytexttransform);\"><\/span><\/p>\t\t\t\t\t\t\t\t<\/div>\n\t\t\t\t<\/div>\n\t\t\t\t<div class=\"elementor-element elementor-element-c9aaacd elementor-align-center elementor-widget elementor-widget-button\" data-id=\"c9aaacd\" data-element_type=\"widget\" data-e-type=\"widget\" data-widget_type=\"button.default\">\n\t\t\t\t<div class=\"elementor-widget-container\">\n\t\t\t\t\t\t\t\t\t<div class=\"elementor-button-wrapper\">\n\t\t\t\t\t<a class=\"elementor-button elementor-button-link elementor-size-sm\" href=\"https:\/\/esg-up.erasmus.site\/best-practices\/\">\n\t\t\t\t\t\t<span class=\"elementor-button-content-wrapper\">\n\t\t\t\t\t\t\t\t\t<span class=\"elementor-button-text\">Open<\/span>\n\t\t\t\t\t<\/span>\n\t\t\t\t\t<\/a>\n\t\t\t\t<\/div>\n\t\t\t\t\t\t\t\t<\/div>\n\t\t\t\t<\/div>\n\t\t\t\t\t<\/div>\n\t\t<\/div>\n\t\t\t\t\t<\/div>\n\t\t<\/section>\n\t\t\t\t<\/div>\n\t\t","protected":false},"excerpt":{"rendered":"<p>ESG-UP har tre huvudprojektresultat. Dessa resultat kommer att g\u00f6ra det m\u00f6jligt f\u00f6r sm\u00e5 och medelstora f\u00f6retags anst\u00e4llda att utveckla och&hellip;&nbsp;<\/p>\n","protected":false},"author":1,"featured_media":70,"parent":0,"menu_order":0,"comment_status":"closed","ping_status":"closed","template":"page-templates\/template-pagebuilder-full-width.php","meta":{"neve_meta_sidebar":"","neve_meta_container":"","neve_meta_enable_content_width":"off","neve_meta_content_width":100,"neve_meta_title_alignment":"","neve_meta_author_avatar":"","neve_post_elements_order":"","neve_meta_disable_header":"","neve_meta_disable_footer":"","neve_meta_disable_title":"","footnotes":""},"class_list":["post-72","page","type-page","status-publish","has-post-thumbnail","hentry"],"_links":{"self":[{"href":"https:\/\/esg-up.erasmus.site\/sv\/wp-json\/wp\/v2\/pages\/72","targetHints":{"allow":["GET"]}}],"collection":[{"href":"https:\/\/esg-up.erasmus.site\/sv\/wp-json\/wp\/v2\/pages"}],"about":[{"href":"https:\/\/esg-up.erasmus.site\/sv\/wp-json\/wp\/v2\/types\/page"}],"author":[{"embeddable":true,"href":"https:\/\/esg-up.erasmus.site\/sv\/wp-json\/wp\/v2\/users\/1"}],"replies":[{"embeddable":true,"href":"https:\/\/esg-up.erasmus.site\/sv\/wp-json\/wp\/v2\/comments?post=72"}],"version-history":[{"count":116,"href":"https:\/\/esg-up.erasmus.site\/sv\/wp-json\/wp\/v2\/pages\/72\/revisions"}],"predecessor-version":[{"id":1447,"href":"https:\/\/esg-up.erasmus.site\/sv\/wp-json\/wp\/v2\/pages\/72\/revisions\/1447"}],"wp:featuredmedia":[{"embeddable":true,"href":"https:\/\/esg-up.erasmus.site\/sv\/wp-json\/wp\/v2\/media\/70"}],"wp:attachment":[{"href":"https:\/\/esg-up.erasmus.site\/sv\/wp-json\/wp\/v2\/media?parent=72"}],"curies":[{"name":"wp","href":"https:\/\/api.w.org\/{rel}","templated":true}]}}