{"id":1448,"date":"2024-03-14T14:06:14","date_gmt":"2024-03-14T14:06:14","guid":{"rendered":"https:\/\/esg-up.erasmus.site\/?page_id=1448"},"modified":"2024-03-14T14:06:29","modified_gmt":"2024-03-14T14:06:29","slug":"privacy-policy","status":"publish","type":"page","link":"https:\/\/esg-up.erasmus.site\/sv\/privacy-policy\/","title":{"rendered":"Integritetspolicy f\u00f6r ESG-UP"},"content":{"rendered":"<p>I enlighet med den europeiska lagen om skydd av personuppgifter \u2013 den allm\u00e4nna dataskyddsf\u00f6rordningen (GDPR) \u2013 vill vi informera dig om att dina personuppgifter, som du m\u00e5ste tillhandah\u00e5lla f\u00f6r att f\u00e5 tillg\u00e5ng till ESG-UP &#8211; Utbildningspaketet, endast anv\u00e4nds f\u00f6r administrativa \u00e4ndam\u00e5l. Mer information finns i v\u00e5r integritetspolicy.<\/p>\n<p>N\u00e4r f\u00f6ljande integritetssspolicy n\u00e4mner &#8221;tj\u00e4nst&#8221; betyder det utbildningspaketet som skapats inom projektet ESG-UP (projektnummer 2021-1-IE01-KA220-VET-000034728), tillg\u00e4ngligt under\u00a0 <a href=\"https:\/\/esg-up.erasmus.site\/\">https:\/\/esg-up.erasmus.site\/<\/a>, finansierat av Europeiska kommissionen inom ramen f\u00f6r Erasmus+-programmet.<\/p>\n<p>Stowarzyszenie &#8221;Centrum Wspierania Edukacji i Przedsi\u0119biorczo\u015bci&#8221; (nedan kallat CWEP) med kontor i Rzesz\u00f3w, 35-068, ul. Grunwaldzka 16C, registrerad vid distriktsdomstolen i Rzesz\u00f3w, XII Commercial Department of National Court Registry, KRS-nummer 0000211526, innehavare av skatteregistreringsnummer NIP: 813-351-94-55 och ett statistiskt nummer REGON 180189259, \u00e4r administrat\u00f6r f\u00f6r personuppgifter som tillhandah\u00e5lls i samband med anv\u00e4ndningen av tj\u00e4nsten, nedan kallade &#8221;personuppgifter&#8221;. Personuppgifter som l\u00e4mnas behandlas i enlighet med Europaparlamentets och r\u00e5dets f\u00f6rordning (EU) 2016\/679 av den 27 april 2016 om skydd f\u00f6r fysiska personer med avseende p\u00e5 behandling av personuppgifter och om det fria fl\u00f6det av s\u00e5dana uppgifter.<\/p>\n<p>Att anv\u00e4nda den tj\u00e4nst som tillhandah\u00e5lls av CWEP inneb\u00e4r att du samtycker till att samla in information och anv\u00e4nda informationen p\u00e5 ett s\u00e4tt som \u00e4r i enlighet med de principer som anges h\u00e4ri.<\/p>\n<p>De personuppgifter som behandlas lagras under den tid du anv\u00e4nder tj\u00e4nsten. Om tj\u00e4nsten inte har anv\u00e4nts (n\u00e5tts) under en period av 12 m\u00e5nader kan personuppgifterna raderas permanent i enlighet med denna integritetspolicy.<\/p>\n<p>Anv\u00e4ndaren har r\u00e4tt att n\u00e4r som helst \u00e5terkalla sitt samtycke till behandling av personuppgifter. \u00c5terkallandet av samtycket p\u00e5verkar inte lagligheten av behandlingen p\u00e5 grundval av samtycket innan det \u00e5terkallades. Anv\u00e4ndaren har r\u00e4tt att l\u00e4mna in ett klagom\u00e5l till en tillsynsmyndighet.<\/p>\n<p><strong>Vilken typ av data vi samlar in<\/strong><\/p>\n<p>F\u00f6r att kunna anv\u00e4nda tj\u00e4nsten m\u00e5ste du ange vissa personuppgifter (f\u00f6r- och efternamn, e-postadress och eventuellt uppgifter som dessutom kan anges i profilen). Om du inte tillhandah\u00e5ller denna information kommer vi inte att kunna ge dig tillg\u00e5ng till tj\u00e4nsten.<\/p>\n<p>Det \u00e4r viktigt att notera att samtycke fr\u00e5n tredje part kr\u00e4vs i h\u00e4ndelse av att personuppgifter fr\u00e5n tredje part l\u00e4mnas ut till CWEP. CWEP beg\u00e4r att alla personuppgifter som tillhandah\u00e5lls ska vara giltiga, korrekta, uppdaterade och att alla \u00e4ndringar ska inf\u00f6ras s\u00e5 snart som m\u00f6jligt.<\/p>\n<p>Varje g\u00e5ng du anv\u00e4nder tj\u00e4nsten laddar v\u00e5r n\u00e4tverksserver automatiskt ner bes\u00f6ksrelaterad information. Denna information inkluderar: dom\u00e4n-URL eller webbplatsdom\u00e4n, vilken typ av webbl\u00e4sare som anv\u00e4nds, operativsystemet, de webbplatser som bes\u00f6ktes och datum och tid f\u00f6r bes\u00f6ket. Dessutom samlas pseudonymiserade uppgifter om bes\u00f6ken in och anv\u00e4nds endast i syfte att tillhandah\u00e5lla teknisk support och \u00e4ven f\u00f6r att s\u00e4kra v\u00e5ra r\u00e4ttigheter i h\u00e4ndelse av en s\u00e4kerhets\u00f6vertr\u00e4delse eller kr\u00e4nkning av anv\u00e4ndningen av tj\u00e4nsten. Om s\u00e5dan information tillskrivs dig vidtas s\u00e5dana \u00e5tg\u00e4rder i enlighet med denna integritetspolicy.<\/p>\n<p>All data som kr\u00e4vs f\u00f6r att logga in som skickas mellan bes\u00f6karen av tj\u00e4nsten och CWEP \u00e4r krypterad, vilket hj\u00e4lper till att minimera risken f\u00f6r datal\u00e4ckage.<\/p>\n<p><strong>\u00a0<\/strong><\/p>\n<p><strong>Syftet med informationsanv\u00e4ndningen<\/strong><\/p>\n<p>CWEP:s insamling av personuppgifter syftar till att ge anv\u00e4ndarna s\u00e4ker, problemfri och skr\u00e4ddarsydd tillg\u00e5ng till tj\u00e4nsten. Dessutom anv\u00e4nds de personuppgifter som l\u00e4mnas till CWEP av CWEP f\u00f6r att registrera anv\u00e4ndaren och f\u00f6r att ge tillg\u00e5ng till tj\u00e4nsten.<\/p>\n<p>Personuppgifter, eller delar av dem, kan ocks\u00e5 delas med andra anv\u00e4ndare av tj\u00e4nsten, beroende p\u00e5 inst\u00e4llningarna i anv\u00e4ndarens profil.<\/p>\n<p>F\u00f6reningen CWEP samlar in och behandlar Anv\u00e4ndarens Personuppgifter, eller beordrar tredje part att g\u00f6ra det i f\u00f6reningens namn, i den utstr\u00e4ckning som \u00e4r till\u00e5ten eller n\u00f6dv\u00e4ndig f\u00f6r att ge Anv\u00e4ndaren service och hj\u00e4lp med probleml\u00f6sning, j\u00e4mf\u00f6ra information f\u00f6r att s\u00e4kerst\u00e4lla dess riktighet, l\u00f6sa tvister, verifiera Anv\u00e4ndarens identitet, justera, analysera och f\u00f6rb\u00e4ttra tj\u00e4nsten,\u00a0 f\u00f6r att skydda anv\u00e4ndarens och CWEP:s intressen och f\u00f6r att f\u00f6rhindra och bek\u00e4mpa bedr\u00e4gerier. De personuppgifter som levereras kan ocks\u00e5 anv\u00e4ndas f\u00f6r att tillhandah\u00e5lla teknisk support, f\u00f6r att utveckla nya funktioner baserat p\u00e5 den tillhandah\u00e5llna tj\u00e4nsten och \u00e4ven f\u00f6r att f\u00f6rb\u00e4ttra dem f\u00f6r att g\u00f6ra det l\u00e4ttare att anv\u00e4nda tj\u00e4nsten.<\/p>\n<p><strong>Policy f\u00f6r datalagring och s\u00e4kerhetskopiering<\/strong><\/p>\n<p>Alla produktionssystem \u00e4r s\u00e4krade genom dagliga backuper som g\u00f6r det m\u00f6jligt f\u00f6r CWEP att reagera snabbt vid ov\u00e4ntade h\u00e4ndelser som till exempel h\u00e5rdvarufel. Detta inneb\u00e4r att n\u00e4r en beg\u00e4ran om borttagning av personuppgifter tas emot tas den bort utan on\u00f6digt dr\u00f6jsm\u00e5l fr\u00e5n produktionssystemen men finns fortfarande kvar i s\u00e4kerhetskopiorna. Personuppgifterna tas slutligen bort helt efter en fullst\u00e4ndig s\u00e4kerhetskopieringscykel, vilket \u00e4r upp till 60 kalenderdagar.<\/p>\n<p><strong>Utl\u00e4mnande av uppgifter till tredje part<\/strong><\/p>\n<p>Personuppgifter som samlas in kommer inte att s\u00e4ljas eller l\u00e4mnas ut p\u00e5 n\u00e5got s\u00e4tt till tredje part, s\u00e5vida inte en skyldighet att g\u00f6ra det f\u00f6ljer av lagen, i h\u00e4ndelse av brott mot till\u00e4mpliga best\u00e4mmelser, eller f\u00f6r att skydda CWEP:s eller andras r\u00e4ttigheter fr\u00e5n olagliga eller skadliga handlingar.<\/p>\n<p>CWEP kan vara skyldigt att l\u00e4mna ut personuppgifterna till det nationella programkontoret f\u00f6r Erasmus+ som ansvarar f\u00f6r det specifika projektet f\u00f6r revision. En s\u00e5dan beg\u00e4ran kan ocks\u00e5 l\u00e4mnas in av tillsynsorganet till det nationella programkontoret f\u00f6r Erasmus+, det vill s\u00e4ga Europeiska kommissionen.<\/p>\n<p>F\u00f6reningen CWEP f\u00f6rbeh\u00e5ller sig r\u00e4tten att l\u00e4mna ut personuppgifter till vissa tredje parter som anlitas av CWEP f\u00f6r att utf\u00f6ra viss l\u00f6pande aff\u00e4rsverksamhet. Det b\u00f6r noteras att CWEP ska ut\u00f6va tillb\u00f6rlig aktsamhet f\u00f6r att s\u00e4kerst\u00e4lla att de tredje parter till vilka personuppgifterna ska l\u00e4mnas ut f\u00f6r ovann\u00e4mnda \u00e4ndam\u00e5l kommer att behandla de personuppgifter som l\u00e4mnas ut i enlighet med CWEP:s integritetspolicy och p\u00e5 ett s\u00e4tt som \u00f6verensst\u00e4mmer med till\u00e4mplig lag. Dessutom kan anv\u00e4ndarnas personuppgifter l\u00e4mnas ut i h\u00e4ndelse av f\u00f6rs\u00e4ljning eller omstrukturering av CWEP.<\/p>\n<p><strong>Cookies<\/strong><\/p>\n<p>CWEP:s anv\u00e4ndning av cookies kr\u00e4vs f\u00f6r att tj\u00e4nsten ska fungera optimalt. Cookies lagras p\u00e5 CWEP:s h\u00e5rddisk och kan anv\u00e4ndas f\u00f6r att justera anv\u00e4ndarnas individuella preferenser och f\u00f6r att samla in allm\u00e4nna statistiska uppgifter.<\/p>\n<p><strong>\u00c4ndringar av personuppgifter<\/strong><\/p>\n<p>Anv\u00e4ndaren har r\u00e4tt att beg\u00e4ra tillg\u00e5ng till och r\u00e4ttelse eller radering (&#8221;r\u00e4tt att bli bortgl\u00f6md&#8221;) av personuppgifter eller begr\u00e4nsning av behandling som r\u00f6r den registrerade eller att inv\u00e4nda mot behandling samt r\u00e4tt till dataportabilitet. Viss information kan visas och redigeras via Internet med hj\u00e4lp av en webbl\u00e4sare n\u00e4r du loggar in p\u00e5 den tj\u00e4nst som tillhandah\u00e5lls av CWEP.<\/p>\n<p>CWEP ska svara p\u00e5 f\u00f6rfr\u00e5gningar om visning, korrigering, komplettering och radering av personuppgifter inom rimlig tid och efter verifiering av anv\u00e4ndarens identitet.<\/p>\n<p>CWEP ska vidta alla rimliga \u00e5tg\u00e4rder f\u00f6r att tillm\u00f6tesg\u00e5 anv\u00e4ndarnas beg\u00e4ran om att radera personuppgifter, s\u00e5vida inte dessa uppgifter beh\u00f6ver lagras p\u00e5 grund av till\u00e4mplig lag eller juridiska aff\u00e4rs\u00e4ndam\u00e5l.<\/p>\n<p><strong>Inaktivering av konto<\/strong><\/p>\n<p>Efter att en beg\u00e4ran om radering av personuppgifter har mottagits av CWEP kommer personuppgifterna i fr\u00e5ga att l\u00e5sas utan on\u00f6digt dr\u00f6jsm\u00e5l och \u00e5tkomst till tj\u00e4nsten kommer inte l\u00e4ngre att vara m\u00f6jlig. Personuppgifterna kommer att lagras i upp till 30 kalenderdagar, vilket g\u00f6r det m\u00f6jligt att \u00e5terst\u00e4lla dem om beg\u00e4ran om inaktivering av kontot gjordes av misstag. Efter 30 kalenderdagar kommer det inte l\u00e4ngre att vara m\u00f6jligt att \u00e5terst\u00e4lla personuppgifter.<\/p>\n<p>F\u00f6r att bevara p\u00e5g\u00e5ende aktiviteter och f\u00f6r att f\u00f6rhindra f\u00f6rvirring f\u00f6r andra anv\u00e4ndare kommer visst inneh\u00e5ll inte att raderas. Detta inkluderar all information som tillhandah\u00e5lls och matas in hittills i tj\u00e4nsten (t.ex. meddelanden eller filer). Efter att kontot har inaktiverats kommer denna information att m\u00e4rkas som &#8221;Inaktiverad anv\u00e4ndare&#8221;. Innan kontot avaktiveras kan ovann\u00e4mnda inneh\u00e5ll raderas manuellt.<\/p>\n<p><strong>Barn<\/strong><\/p>\n<p>Tj\u00e4nsten \u00e4r inte avsedd f\u00f6r barn under 18 \u00e5r och \u00e4r inte heller utformad f\u00f6r att f\u00e5nga deras uppm\u00e4rksamhet. CWEP samlar inte in personuppgifter fr\u00e5n barn under 18 \u00e5r, och i vissa jurisdiktioner fr\u00e5n barn som \u00e4r 18 \u00e5r, p\u00e5 ett avsiktligt och avsiktligt s\u00e4tt. Vi uppmuntrar f\u00f6r\u00e4ldrar att intressera sig f\u00f6r sina barns internetaktivitet f\u00f6r att garantera att ingen information erh\u00e5lls fr\u00e5n barn utan f\u00f6r\u00e4ldrarnas samtycke.<\/p>\n<p><strong>S\u00e4kerhet<\/strong><\/p>\n<p>CWEP till\u00e4mpar tekniska och organisatoriska medel f\u00f6r att skydda de personuppgifter som samlas in av CWEP fr\u00e5n obeh\u00f6rig \u00e5tkomst eller felaktig anv\u00e4ndning av obeh\u00f6riga personer. De till\u00e4mpade metoderna och tekniska hj\u00e4lpmedlen f\u00f6rb\u00e4ttras i takt med att ny teknik, nya behov och tillg\u00e4ngliga skyddsmetoder utvecklas.<\/p>\n<p><strong>Dataskydd och lagring<\/strong><\/p>\n<p>Den information som samlas in av CWEP sparas under en rimlig tidsperiod f\u00f6r att den ska kunna anv\u00e4ndas f\u00f6r de \u00e4ndam\u00e5l som anges h\u00e4ri. F\u00f6reningen CWEP kan anv\u00e4nda tj\u00e4nster fr\u00e5n tredje part (f\u00f6retag) f\u00f6r att samla in och lagra insamlad information f\u00f6r dess r\u00e4kning. Alla s\u00e5dana f\u00f6retag m\u00e5ste uppfylla kraven i denna integritetspolicy.<\/p>\n<p><strong>\u00c4ndringar i integritetspolicyn<\/strong><\/p>\n<p>CWEP f\u00f6rbeh\u00e5ller sig r\u00e4tten att n\u00e4r som helst \u00e4ndra principerna i denna integritetspolicy. Anv\u00e4ndarens r\u00e4ttigheter enligt denna integritetspolicy kommer inte att begr\u00e4nsas utan anv\u00e4ndarens samtycke.<\/p>\n<p>Alla \u00e4ndringar av denna integritetspolicy ska publiceras p\u00e5 ett tydligt s\u00e4tt p\u00e5 den tj\u00e4nst som erbjuds av CWEP. Anv\u00e4ndarna av CWEP-tj\u00e4nsten \u00e4r bundna av den aktuella versionen av integritetspolicyn. De tidigare versionerna av denna integritetspolicy sparas i arkiv f\u00f6r att g\u00f6ra det m\u00f6jligt f\u00f6r anv\u00e4ndare att bekanta sig med dem, om det beh\u00f6vs.<\/p>\n<p><strong>Kontakt<\/strong><\/p>\n<p>Alla f\u00f6rfr\u00e5gningar om tillg\u00e5ng till din information, \u00e4ndring av din information eller fr\u00e5gor om denna integritetspolicy ska skickas via v\u00e5rt <a href=\"https:\/\/cwep.eu\/en\/kontakt\/\">kontaktformul\u00e4r<\/a>, via <a href=\"mailto:office@cwep.eu\">e-post <\/a>eller skriftligen till f\u00f6ljande adress:<\/p>\n<p><strong>Stowarzyszenie &#8221;Centrum Wspierania Edukacji i Przedsi\u0119biorczo\u015bci&#8221; <\/strong><br \/>\nGrunwaldzka 16C<\/p>\n<p>35-068 Rzesz\u00f3w<\/p>\n<p>Polen<\/p>","protected":false},"excerpt":{"rendered":"<p>I enlighet med den europeiska lagen om skydd av personuppgifter \u2013 den allm\u00e4nna dataskyddsf\u00f6rordningen (GDPR) \u2013 vill vi informera dig&hellip;&nbsp;<\/p>\n","protected":false},"author":1,"featured_media":0,"parent":0,"menu_order":0,"comment_status":"closed","ping_status":"closed","template":"","meta":{"neve_meta_sidebar":"","neve_meta_container":"","neve_meta_enable_content_width":"off","neve_meta_content_width":100,"neve_meta_title_alignment":"","neve_meta_author_avatar":"","neve_post_elements_order":"","neve_meta_disable_header":"","neve_meta_disable_footer":"","neve_meta_disable_title":"","footnotes":""},"class_list":["post-1448","page","type-page","status-publish","hentry"],"_links":{"self":[{"href":"https:\/\/esg-up.erasmus.site\/sv\/wp-json\/wp\/v2\/pages\/1448","targetHints":{"allow":["GET"]}}],"collection":[{"href":"https:\/\/esg-up.erasmus.site\/sv\/wp-json\/wp\/v2\/pages"}],"about":[{"href":"https:\/\/esg-up.erasmus.site\/sv\/wp-json\/wp\/v2\/types\/page"}],"author":[{"embeddable":true,"href":"https:\/\/esg-up.erasmus.site\/sv\/wp-json\/wp\/v2\/users\/1"}],"replies":[{"embeddable":true,"href":"https:\/\/esg-up.erasmus.site\/sv\/wp-json\/wp\/v2\/comments?post=1448"}],"version-history":[{"count":1,"href":"https:\/\/esg-up.erasmus.site\/sv\/wp-json\/wp\/v2\/pages\/1448\/revisions"}],"predecessor-version":[{"id":1449,"href":"https:\/\/esg-up.erasmus.site\/sv\/wp-json\/wp\/v2\/pages\/1448\/revisions\/1449"}],"wp:attachment":[{"href":"https:\/\/esg-up.erasmus.site\/sv\/wp-json\/wp\/v2\/media?parent=1448"}],"curies":[{"name":"wp","href":"https:\/\/api.w.org\/{rel}","templated":true}]}}