{"id":97,"date":"2022-09-05T15:07:17","date_gmt":"2022-09-05T15:07:17","guid":{"rendered":"https:\/\/esg-up.erasmus.site\/?page_id=97"},"modified":"2024-03-12T11:18:14","modified_gmt":"2024-03-12T11:18:14","slug":"news","status":"publish","type":"page","link":"https:\/\/esg-up.erasmus.site\/pl\/news\/","title":{"rendered":"Wiadomo\u015bci"},"content":{"rendered":"<p><\/p>\n<h3 style=\"text-align: center;\">B\u0105d\u017a na bie\u017c\u0105co i otrzymuj aktualizacje dotycz\u0105ce dost\u0119pno\u015bci wynik\u00f3w za po\u015brednictwem strony projektu ESG-UP na Facebooku.<\/h3>\n<p><center><\/p>\n<div id=\"fb-root\"><\/div>\n<p><script async defer crossorigin=\"anonymous\" src=\"https:\/\/connect.facebook.net\/en_EN\/sdk.js#xfbml=1&#038;version=v14.0\" nonce=\"5QQPPPLR\"><\/script><\/p>\n<div class=\"fb-page\" data-href=\"https:\/\/www.facebook.com\/ESGUPproject\" data-tabs=\"timeline\" data-width=\"\" data-height=\"\" data-small-header=\"false\" data-adapt-container-width=\"true\" data-hide-cover=\"false\" data-show-facepile=\"true\">\n<blockquote class=\"fb-xfbml-parse-ignore\" cite=\"https:\/\/www.facebook.com\/microhubproject\"><p><a href=\"https:\/\/www.facebook.com\/ESGUPproject\">ESGUPproject<\/a><\/p><\/blockquote>\n<\/div>\n<p><\/center><\/p>\n<h3 style=\"text-align: center;\">Biuletyny<\/h3>\n<div class=\"row\">\n<div class=\"col-sm-3\" style=\"text-align: center;\"><a href=\"https:\/\/esg-up.erasmus.site\/wp-content\/uploads\/2022\/10\/ESG-UP-1st-Newsletter_PL.pdf\" target=\"_blank\" rel=\"noopener noreferrer\"><br \/>\n<img fetchpriority=\"high\" decoding=\"async\" class=\"size-medium wp-image-117 aligncenter\" src=\"https:\/\/esg-up.erasmus.site\/wp-content\/uploads\/2022\/09\/ESG-UP-1st-Newsletter-page-001.jpg\" alt=\"\" width=\"212\" height=\"300\" \/><br \/>\n#1<\/a><\/div>\n<div class=\"col-sm-3\" style=\"text-align: center;\"><a href=\"https:\/\/esg-up.erasmus.site\/wp-content\/uploads\/2023\/06\/ESG-UP-2nd-Newsletter_EN_PL.pdf\" target=\"_blank\" rel=\"noopener noreferrer\"><br \/>\n<img decoding=\"async\" class=\"size-medium wp-image-117 aligncenter\" src=\"https:\/\/esg-up.erasmus.site\/wp-content\/uploads\/2023\/06\/ESG-UP-2nd-Newsletter_EN-page-001.jpg\" alt=\"\" width=\"212\" height=\"300\" \/><br \/>\n#2<\/a><\/div>\n<div class=\"col-sm-3\" style=\"text-align: center;\"><a href=\"https:\/\/esg-up.erasmus.site\/wp-content\/uploads\/2024\/01\/ESG-UP-3nd-Newsletter_PL.pdf\" target=\"_blank\" rel=\"noopener noreferrer\"><br \/>\n<img decoding=\"async\" class=\"size-medium wp-image-117 aligncenter\" src=\"https:\/\/esg-up.erasmus.site\/wp-content\/uploads\/2024\/01\/ESG-UP-3nd-Newsletter_EN-page-001.jpg\" alt=\"\" width=\"212\" height=\"300\" \/><br \/>\n#3<\/a><\/div>\n<div class=\"col-sm-3\" style=\"text-align: center;\"><a href=\"https:\/\/esg-up.erasmus.site\/wp-content\/uploads\/2024\/03\/ESG-UP-4th-Newsletter_PL.pdf\" target=\"_blank\" rel=\"noopener noreferrer\"><br \/>\n<img loading=\"lazy\" decoding=\"async\" class=\"size-medium wp-image-117 aligncenter\" src=\"https:\/\/esg-up.erasmus.site\/wp-content\/uploads\/2024\/03\/ESG-UP-4th-Newsletter_EN.jpg\" alt=\"\" width=\"212\" height=\"300\" \/><br \/>\n#4<\/a><\/div>\n<\/div>\n<h3 style=\"text-align: center;\">Ulotka<\/h3>\n<div class=\"row\">\n<div class=\"col-sm-3\" style=\"text-align: center;\"><a href=\"https:\/\/esg-up.erasmus.site\/wp-content\/uploads\/2024\/03\/esp-flyer-PL.pdf\" target=\"_blank\" rel=\"noopener noreferrer\"><br \/>\n<img loading=\"lazy\" decoding=\"async\" class=\"size-medium wp-image-117 aligncenter\" src=\"https:\/\/esg-up.erasmus.site\/wp-content\/uploads\/2024\/03\/esp-flyer-EN.jpg\" alt=\"\" width=\"212\" height=\"300\" \/><br \/>\nUlotka<\/a><\/div>\n<p><\/p>","protected":false},"excerpt":{"rendered":"<p>B\u0105d\u017a na bie\u017c\u0105co i otrzymuj aktualizacje dotycz\u0105ce dost\u0119pno\u015bci wynik\u00f3w za po\u015brednictwem strony projektu ESG-UP na Facebooku. ESGUPproject Biuletyny #1 #2&hellip;&nbsp;<\/p>\n","protected":false},"author":1,"featured_media":70,"parent":0,"menu_order":0,"comment_status":"closed","ping_status":"closed","template":"","meta":{"neve_meta_sidebar":"","neve_meta_container":"","neve_meta_enable_content_width":"off","neve_meta_content_width":100,"neve_meta_title_alignment":"","neve_meta_author_avatar":"","neve_post_elements_order":"","neve_meta_disable_header":"","neve_meta_disable_footer":"","neve_meta_disable_title":"","footnotes":""},"class_list":["post-97","page","type-page","status-publish","has-post-thumbnail","hentry"],"_links":{"self":[{"href":"https:\/\/esg-up.erasmus.site\/pl\/wp-json\/wp\/v2\/pages\/97","targetHints":{"allow":["GET"]}}],"collection":[{"href":"https:\/\/esg-up.erasmus.site\/pl\/wp-json\/wp\/v2\/pages"}],"about":[{"href":"https:\/\/esg-up.erasmus.site\/pl\/wp-json\/wp\/v2\/types\/page"}],"author":[{"embeddable":true,"href":"https:\/\/esg-up.erasmus.site\/pl\/wp-json\/wp\/v2\/users\/1"}],"replies":[{"embeddable":true,"href":"https:\/\/esg-up.erasmus.site\/pl\/wp-json\/wp\/v2\/comments?post=97"}],"version-history":[{"count":26,"href":"https:\/\/esg-up.erasmus.site\/pl\/wp-json\/wp\/v2\/pages\/97\/revisions"}],"predecessor-version":[{"id":1398,"href":"https:\/\/esg-up.erasmus.site\/pl\/wp-json\/wp\/v2\/pages\/97\/revisions\/1398"}],"wp:featuredmedia":[{"embeddable":true,"href":"https:\/\/esg-up.erasmus.site\/pl\/wp-json\/wp\/v2\/media\/70"}],"wp:attachment":[{"href":"https:\/\/esg-up.erasmus.site\/pl\/wp-json\/wp\/v2\/media?parent=97"}],"curies":[{"name":"wp","href":"https:\/\/api.w.org\/{rel}","templated":true}]}}