{"id":72,"date":"2022-09-05T14:10:39","date_gmt":"2022-09-05T14:10:39","guid":{"rendered":"https:\/\/esg-up.erasmus.site\/?page_id=72"},"modified":"2024-03-14T14:00:23","modified_gmt":"2024-03-14T14:00:23","slug":"results","status":"publish","type":"page","link":"https:\/\/esg-up.erasmus.site\/pl\/results\/","title":{"rendered":"Rezultaty"},"content":{"rendered":"\t\t<div data-elementor-type=\"wp-page\" data-elementor-id=\"72\" class=\"elementor elementor-72\">\n\t\t\t\t\t\t<section class=\"elementor-section elementor-top-section elementor-element elementor-element-f7d3fd4 elementor-section-boxed elementor-section-height-default elementor-section-height-default\" data-id=\"f7d3fd4\" data-element_type=\"section\" data-e-type=\"section\">\n\t\t\t\t\t\t<div class=\"elementor-container elementor-column-gap-default\">\n\t\t\t\t\t<div class=\"elementor-column elementor-col-100 elementor-top-column elementor-element elementor-element-139ba55\" data-id=\"139ba55\" data-element_type=\"column\" data-e-type=\"column\">\n\t\t\t<div class=\"elementor-widget-wrap elementor-element-populated\">\n\t\t\t\t\t\t<div class=\"elementor-element elementor-element-22f7087 elementor-widget elementor-widget-text-editor\" data-id=\"22f7087\" data-element_type=\"widget\" data-e-type=\"widget\" data-widget_type=\"text-editor.default\">\n\t\t\t\t<div class=\"elementor-widget-container\">\n\t\t\t\t\t\t\t\t\t<p><\/p><p><\/p><p><\/p><p><\/p><p>ESG-UP to 3 g\u0142\u00f3wne rezultaty.<\/p><p>Rezultaty te umo\u017cliwi\u0105 pracownikom M\u015aP opracowanie i wdro\u017cenie skutecznych, zr\u00f3wnowa\u017conych modeli biznesowych przy zastosowaniu holistycznego podej\u015bcia biznesowego.<\/p><p><\/p>\t\t\t\t\t\t\t\t<\/div>\n\t\t\t\t<\/div>\n\t\t\t\t\t<\/div>\n\t\t<\/div>\n\t\t\t\t\t<\/div>\n\t\t<\/section>\n\t\t\t\t<section class=\"elementor-section elementor-top-section elementor-element elementor-element-81236bc elementor-section-boxed elementor-section-height-default elementor-section-height-default\" data-id=\"81236bc\" data-element_type=\"section\" data-e-type=\"section\">\n\t\t\t\t\t\t<div class=\"elementor-container elementor-column-gap-default\">\n\t\t\t\t\t<div class=\"elementor-column elementor-col-33 elementor-top-column elementor-element elementor-element-aa04921 elementor-invisible\" data-id=\"aa04921\" data-element_type=\"column\" data-e-type=\"column\" data-settings=\"{&quot;animation&quot;:&quot;fadeIn&quot;}\">\n\t\t\t<div class=\"elementor-widget-wrap elementor-element-populated\">\n\t\t\t\t\t\t<div class=\"elementor-element elementor-element-5181a4f elementor-widget elementor-widget-image\" data-id=\"5181a4f\" data-element_type=\"widget\" data-e-type=\"widget\" data-widget_type=\"image.default\">\n\t\t\t\t<div class=\"elementor-widget-container\">\n\t\t\t\t\t\t\t\t\t\t\t\t\t\t\t<img fetchpriority=\"high\" decoding=\"async\" width=\"300\" height=\"300\" src=\"https:\/\/esg-up.erasmus.site\/wp-content\/uploads\/2022\/09\/lefas-number-1-made-real-alive-leafs-with-precious-paper-cut-shape-number-leafs-font-300x300.jpg\" class=\"attachment-medium size-medium wp-image-58\" alt=\"\" srcset=\"https:\/\/esg-up.erasmus.site\/wp-content\/uploads\/2022\/09\/lefas-number-1-made-real-alive-leafs-with-precious-paper-cut-shape-number-leafs-font-300x300.jpg 300w, https:\/\/esg-up.erasmus.site\/wp-content\/uploads\/2022\/09\/lefas-number-1-made-real-alive-leafs-with-precious-paper-cut-shape-number-leafs-font-1024x1024.jpg 1024w, https:\/\/esg-up.erasmus.site\/wp-content\/uploads\/2022\/09\/lefas-number-1-made-real-alive-leafs-with-precious-paper-cut-shape-number-leafs-font-150x150.jpg 150w, https:\/\/esg-up.erasmus.site\/wp-content\/uploads\/2022\/09\/lefas-number-1-made-real-alive-leafs-with-precious-paper-cut-shape-number-leafs-font-768x768.jpg 768w, https:\/\/esg-up.erasmus.site\/wp-content\/uploads\/2022\/09\/lefas-number-1-made-real-alive-leafs-with-precious-paper-cut-shape-number-leafs-font-1536x1536.jpg 1536w, https:\/\/esg-up.erasmus.site\/wp-content\/uploads\/2022\/09\/lefas-number-1-made-real-alive-leafs-with-precious-paper-cut-shape-number-leafs-font-2048x2048.jpg 2048w\" sizes=\"(max-width: 300px) 100vw, 300px\" \/>\t\t\t\t\t\t\t\t\t\t\t\t\t\t\t<\/div>\n\t\t\t\t<\/div>\n\t\t\t\t<div class=\"elementor-element elementor-element-b7020c1 elementor-widget elementor-widget-heading\" data-id=\"b7020c1\" data-element_type=\"widget\" data-e-type=\"widget\" data-widget_type=\"heading.default\">\n\t\t\t\t<div class=\"elementor-widget-container\">\n\t\t\t\t\t<h2 class=\"elementor-heading-title elementor-size-medium\">1. Mobilny raport na temat zr\u00f3wnowa\u017conych dzia\u0142a\u0144 M\u015aP<\/h2>\t\t\t\t<\/div>\n\t\t\t\t<\/div>\n\t\t\t\t<div class=\"elementor-element elementor-element-8353920 elementor-widget elementor-widget-text-editor\" data-id=\"8353920\" data-element_type=\"widget\" data-e-type=\"widget\" data-widget_type=\"text-editor.default\">\n\t\t\t\t<div class=\"elementor-widget-container\">\n\t\t\t\t\t\t\t\t\t<p><\/p><p><\/p><p><\/p><p>Rezultat ten przyczyni si\u0119 do uwzgl\u0119dnienia kwestii \u015bwiadomo\u015bci w zakresie d\u0142ugoterminowych dzia\u0142a\u0144 na rzecz zr\u00f3wnowa\u017conych wynik\u00f3w poprzez zasady ESG oraz potrzeby opracowania d\u0142ugoterminowej strategii. Mobilny raport ujawnia najbardziej potrzebne umiej\u0119tno\u015bci zwi\u0105zane ze zr\u00f3wnowa\u017conym rozwojem i ma form\u0119 interaktywnego zasobu, kt\u00f3ry umo\u017cliwia poszukiwanie i filtrowanie<\/p><p>temat\u00f3w i odpowiedzi przy u\u017cyciu r\u00f3\u017cnych kryteri\u00f3w.<\/p><p><\/p><p><\/p>\t\t\t\t\t\t\t\t<\/div>\n\t\t\t\t<\/div>\n\t\t\t\t<div class=\"elementor-element elementor-element-976efd4 elementor-align-center elementor-widget elementor-widget-button\" data-id=\"976efd4\" data-element_type=\"widget\" data-e-type=\"widget\" data-widget_type=\"button.default\">\n\t\t\t\t<div class=\"elementor-widget-container\">\n\t\t\t\t\t\t\t\t\t<div class=\"elementor-button-wrapper\">\n\t\t\t\t\t<a class=\"elementor-button elementor-button-link elementor-size-sm\" href=\"https:\/\/esg-up.erasmus.site\/report\/\">\n\t\t\t\t\t\t<span class=\"elementor-button-content-wrapper\">\n\t\t\t\t\t\t\t\t\t<span class=\"elementor-button-text\">Report<\/span>\n\t\t\t\t\t<\/span>\n\t\t\t\t\t<\/a>\n\t\t\t\t<\/div>\n\t\t\t\t\t\t\t\t<\/div>\n\t\t\t\t<\/div>\n\t\t\t\t<section class=\"elementor-section elementor-inner-section elementor-element elementor-element-f905874 elementor-section-boxed elementor-section-height-default elementor-section-height-default\" data-id=\"f905874\" data-element_type=\"section\" data-e-type=\"section\">\n\t\t\t\t\t\t<div class=\"elementor-container elementor-column-gap-default\">\n\t\t\t\t\t<div class=\"elementor-column elementor-col-50 elementor-inner-column elementor-element elementor-element-6356c09\" data-id=\"6356c09\" data-element_type=\"column\" data-e-type=\"column\">\n\t\t\t<div class=\"elementor-widget-wrap elementor-element-populated\">\n\t\t\t\t\t\t<div class=\"elementor-element elementor-element-ba9b95e elementor-widget elementor-widget-image\" data-id=\"ba9b95e\" data-element_type=\"widget\" data-e-type=\"widget\" data-widget_type=\"image.default\">\n\t\t\t\t<div class=\"elementor-widget-container\">\n\t\t\t\t\t\t\t\t\t\t\t\t\t\t\t\t<a href=\"https:\/\/play.google.com\/store\/apps\/details?id=eu.dcnet.esgup\" target=\"_blank\">\n\t\t\t\t\t\t\t<img decoding=\"async\" width=\"650\" height=\"300\" src=\"https:\/\/esg-up.erasmus.site\/wp-content\/uploads\/2023\/02\/icons-google-play.png\" class=\"attachment-1536x1536 size-1536x1536 wp-image-367\" alt=\"\" srcset=\"https:\/\/esg-up.erasmus.site\/wp-content\/uploads\/2023\/02\/icons-google-play.png 650w, https:\/\/esg-up.erasmus.site\/wp-content\/uploads\/2023\/02\/icons-google-play-300x138.png 300w, https:\/\/esg-up.erasmus.site\/wp-content\/uploads\/2023\/02\/icons-google-play-24x11.png 24w, https:\/\/esg-up.erasmus.site\/wp-content\/uploads\/2023\/02\/icons-google-play-36x17.png 36w, https:\/\/esg-up.erasmus.site\/wp-content\/uploads\/2023\/02\/icons-google-play-48x22.png 48w\" sizes=\"(max-width: 650px) 100vw, 650px\" \/>\t\t\t\t\t\t\t\t<\/a>\n\t\t\t\t\t\t\t\t\t\t\t\t\t\t\t<\/div>\n\t\t\t\t<\/div>\n\t\t\t\t\t<\/div>\n\t\t<\/div>\n\t\t\t\t<div class=\"elementor-column elementor-col-50 elementor-inner-column elementor-element elementor-element-45693d8\" data-id=\"45693d8\" data-element_type=\"column\" data-e-type=\"column\">\n\t\t\t<div class=\"elementor-widget-wrap elementor-element-populated\">\n\t\t\t\t\t\t<div class=\"elementor-element elementor-element-17785d5 elementor-widget elementor-widget-image\" data-id=\"17785d5\" data-element_type=\"widget\" data-e-type=\"widget\" data-widget_type=\"image.default\">\n\t\t\t\t<div class=\"elementor-widget-container\">\n\t\t\t\t\t\t\t\t\t\t\t\t\t\t\t\t<a href=\"https:\/\/apps.apple.com\/us\/app\/esg-up\/id1661924279\" target=\"_blank\">\n\t\t\t\t\t\t\t<img decoding=\"async\" width=\"300\" height=\"101\" src=\"https:\/\/esg-up.erasmus.site\/wp-content\/uploads\/2023\/02\/app-store-badge-300x101.png\" class=\"attachment-medium size-medium wp-image-368\" alt=\"\" srcset=\"https:\/\/esg-up.erasmus.site\/wp-content\/uploads\/2023\/02\/app-store-badge-300x101.png 300w, https:\/\/esg-up.erasmus.site\/wp-content\/uploads\/2023\/02\/app-store-badge-24x8.png 24w, https:\/\/esg-up.erasmus.site\/wp-content\/uploads\/2023\/02\/app-store-badge-36x12.png 36w, https:\/\/esg-up.erasmus.site\/wp-content\/uploads\/2023\/02\/app-store-badge-48x16.png 48w, https:\/\/esg-up.erasmus.site\/wp-content\/uploads\/2023\/02\/app-store-badge.png 320w\" sizes=\"(max-width: 300px) 100vw, 300px\" \/>\t\t\t\t\t\t\t\t<\/a>\n\t\t\t\t\t\t\t\t\t\t\t\t\t\t\t<\/div>\n\t\t\t\t<\/div>\n\t\t\t\t\t<\/div>\n\t\t<\/div>\n\t\t\t\t\t<\/div>\n\t\t<\/section>\n\t\t\t\t\t<\/div>\n\t\t<\/div>\n\t\t\t\t<div class=\"elementor-column elementor-col-33 elementor-top-column elementor-element elementor-element-d89c3ef elementor-invisible\" data-id=\"d89c3ef\" data-element_type=\"column\" data-e-type=\"column\" data-settings=\"{&quot;animation&quot;:&quot;fadeIn&quot;}\">\n\t\t\t<div class=\"elementor-widget-wrap elementor-element-populated\">\n\t\t\t\t\t\t<div class=\"elementor-element elementor-element-1c7e968 elementor-widget elementor-widget-image\" data-id=\"1c7e968\" data-element_type=\"widget\" data-e-type=\"widget\" data-widget_type=\"image.default\">\n\t\t\t\t<div class=\"elementor-widget-container\">\n\t\t\t\t\t\t\t\t\t\t\t\t\t\t\t<img loading=\"lazy\" decoding=\"async\" width=\"300\" height=\"300\" src=\"https:\/\/esg-up.erasmus.site\/wp-content\/uploads\/2022\/09\/lefas-number-2-made-real-alive-leafs-with-precious-paper-cut-shape-number-leafs-font-300x300.jpg\" class=\"attachment-medium size-medium wp-image-59\" alt=\"\" srcset=\"https:\/\/esg-up.erasmus.site\/wp-content\/uploads\/2022\/09\/lefas-number-2-made-real-alive-leafs-with-precious-paper-cut-shape-number-leafs-font-300x300.jpg 300w, https:\/\/esg-up.erasmus.site\/wp-content\/uploads\/2022\/09\/lefas-number-2-made-real-alive-leafs-with-precious-paper-cut-shape-number-leafs-font-1024x1024.jpg 1024w, https:\/\/esg-up.erasmus.site\/wp-content\/uploads\/2022\/09\/lefas-number-2-made-real-alive-leafs-with-precious-paper-cut-shape-number-leafs-font-150x150.jpg 150w, https:\/\/esg-up.erasmus.site\/wp-content\/uploads\/2022\/09\/lefas-number-2-made-real-alive-leafs-with-precious-paper-cut-shape-number-leafs-font-768x768.jpg 768w, https:\/\/esg-up.erasmus.site\/wp-content\/uploads\/2022\/09\/lefas-number-2-made-real-alive-leafs-with-precious-paper-cut-shape-number-leafs-font-1536x1536.jpg 1536w, https:\/\/esg-up.erasmus.site\/wp-content\/uploads\/2022\/09\/lefas-number-2-made-real-alive-leafs-with-precious-paper-cut-shape-number-leafs-font-2048x2048.jpg 2048w\" sizes=\"(max-width: 300px) 100vw, 300px\" \/>\t\t\t\t\t\t\t\t\t\t\t\t\t\t\t<\/div>\n\t\t\t\t<\/div>\n\t\t\t\t<div class=\"elementor-element elementor-element-c553d1d elementor-widget elementor-widget-heading\" data-id=\"c553d1d\" data-element_type=\"widget\" data-e-type=\"widget\" data-widget_type=\"heading.default\">\n\t\t\t\t<div class=\"elementor-widget-container\">\n\t\t\t\t\t<h2 class=\"elementor-heading-title elementor-size-medium\">2. Pakiet szkoleniowy<\/h2>\t\t\t\t<\/div>\n\t\t\t\t<\/div>\n\t\t\t\t<div class=\"elementor-element elementor-element-1e882da elementor-widget elementor-widget-text-editor\" data-id=\"1e882da\" data-element_type=\"widget\" data-e-type=\"widget\" data-widget_type=\"text-editor.default\">\n\t\t\t\t<div class=\"elementor-widget-container\">\n\t\t\t\t\t\t\t\t\t<p><\/span><\/p><p><\/li><\/ul><p><\/span><\/p><p><\/p><p>Rezultat podzielony jest na 2 cz\u0119\u015bci.<\/p><p>Wytyczne do zr\u00f3wnowa\u017conego rozwoju, to zestawienie informacji na temat zr\u00f3wnowa\u017conych dzia\u0142aniach biznesowych w postaci pakiet\u00f3w szkoleniowych z dzia\u0142aniami, kt\u00f3re mo\u017cna zastosowa\u0107, aby rozwin\u0105\u0107 najbardziej potrzebne umiej\u0119tno\u015bci.<\/p><p>Wsp\u00f3\u0142praca i partnerskie uczenie si\u0119, to przestrze\u0144 spotka\u0144 online dla budowania nowych kontakt\u00f3w w celu rozwoju bardziej integracyjnych i integralnych plan\u00f3w zr\u00f3wnowa\u017conego rozwoju, kt\u00f3re mog\u0105 by\u0107 stosowane wewn\u0119trznie i zewn\u0119trznie w M\u015aP<strong>.<\/strong><span style=\"font-family: var( --e-global-typography-text-font-family ), Sans-serif; font-weight: var( --e-global-typography-text-font-weight ); font-size: var(--bodyfontsize); letter-spacing: var(--bodyletterspacing); text-transform: var(--bodytexttransform);\"><\/span><\/p><p><\/span><\/p>\t\t\t\t\t\t\t\t<\/div>\n\t\t\t\t<\/div>\n\t\t\t\t<div class=\"elementor-element elementor-element-50d3bb6 elementor-align-center elementor-widget elementor-widget-button\" data-id=\"50d3bb6\" data-element_type=\"widget\" data-e-type=\"widget\" data-widget_type=\"button.default\">\n\t\t\t\t<div class=\"elementor-widget-container\">\n\t\t\t\t\t\t\t\t\t<div class=\"elementor-button-wrapper\">\n\t\t\t\t\t<a class=\"elementor-button elementor-button-link elementor-size-sm\" href=\"https:\/\/esg-up.erasmus.site\/courses-2\/\">\n\t\t\t\t\t\t<span class=\"elementor-button-content-wrapper\">\n\t\t\t\t\t\t\t\t\t<span class=\"elementor-button-text\">Open<\/span>\n\t\t\t\t\t<\/span>\n\t\t\t\t\t<\/a>\n\t\t\t\t<\/div>\n\t\t\t\t\t\t\t\t<\/div>\n\t\t\t\t<\/div>\n\t\t\t\t\t<\/div>\n\t\t<\/div>\n\t\t\t\t<div class=\"elementor-column elementor-col-33 elementor-top-column elementor-element elementor-element-cd39014 elementor-invisible\" data-id=\"cd39014\" data-element_type=\"column\" data-e-type=\"column\" data-settings=\"{&quot;animation&quot;:&quot;fadeIn&quot;}\">\n\t\t\t<div class=\"elementor-widget-wrap elementor-element-populated\">\n\t\t\t\t\t\t<div class=\"elementor-element elementor-element-fc1f8c2 elementor-widget elementor-widget-image\" data-id=\"fc1f8c2\" data-element_type=\"widget\" data-e-type=\"widget\" data-widget_type=\"image.default\">\n\t\t\t\t<div class=\"elementor-widget-container\">\n\t\t\t\t\t\t\t\t\t\t\t\t\t\t\t<img loading=\"lazy\" decoding=\"async\" width=\"300\" height=\"300\" src=\"https:\/\/esg-up.erasmus.site\/wp-content\/uploads\/2022\/09\/lefas-number-3-made-real-alive-leafs-with-precious-paper-cut-shape-number-leafs-font-300x300.jpg\" class=\"attachment-medium size-medium wp-image-60\" alt=\"\" srcset=\"https:\/\/esg-up.erasmus.site\/wp-content\/uploads\/2022\/09\/lefas-number-3-made-real-alive-leafs-with-precious-paper-cut-shape-number-leafs-font-300x300.jpg 300w, https:\/\/esg-up.erasmus.site\/wp-content\/uploads\/2022\/09\/lefas-number-3-made-real-alive-leafs-with-precious-paper-cut-shape-number-leafs-font-1024x1024.jpg 1024w, https:\/\/esg-up.erasmus.site\/wp-content\/uploads\/2022\/09\/lefas-number-3-made-real-alive-leafs-with-precious-paper-cut-shape-number-leafs-font-150x150.jpg 150w, https:\/\/esg-up.erasmus.site\/wp-content\/uploads\/2022\/09\/lefas-number-3-made-real-alive-leafs-with-precious-paper-cut-shape-number-leafs-font-768x768.jpg 768w, https:\/\/esg-up.erasmus.site\/wp-content\/uploads\/2022\/09\/lefas-number-3-made-real-alive-leafs-with-precious-paper-cut-shape-number-leafs-font-1536x1536.jpg 1536w, https:\/\/esg-up.erasmus.site\/wp-content\/uploads\/2022\/09\/lefas-number-3-made-real-alive-leafs-with-precious-paper-cut-shape-number-leafs-font-2048x2048.jpg 2048w\" sizes=\"(max-width: 300px) 100vw, 300px\" \/>\t\t\t\t\t\t\t\t\t\t\t\t\t\t\t<\/div>\n\t\t\t\t<\/div>\n\t\t\t\t<div class=\"elementor-element elementor-element-95de092 elementor-widget elementor-widget-heading\" data-id=\"95de092\" data-element_type=\"widget\" data-e-type=\"widget\" data-widget_type=\"heading.default\">\n\t\t\t\t<div class=\"elementor-widget-container\">\n\t\t\t\t\t<h2 class=\"elementor-heading-title elementor-size-medium\">3. Panorama zr\u00f3wnowa\u017conych praktyk biznesowych wraz z narz\u0119dziem do samooceny<\/h2>\t\t\t\t<\/div>\n\t\t\t\t<\/div>\n\t\t\t\t<div class=\"elementor-element elementor-element-06ab0ed elementor-widget elementor-widget-text-editor\" data-id=\"06ab0ed\" data-element_type=\"widget\" data-e-type=\"widget\" data-widget_type=\"text-editor.default\">\n\t\t\t\t<div class=\"elementor-widget-container\">\n\t\t\t\t\t\t\t\t\t<p><\/strong><\/p><p><\/span><\/p><p><\/span><\/p><p><\/p><p>To interaktywne narz\u0119dzie online b\u0119dzie zawiera\u0142o przyk\u0142ady zr\u00f3wnowa\u017conych praktyk i wskaz\u00f3wki dotycz\u0105ce ich wdra\u017cania w przedsi\u0119biorstwach. Narz\u0119dzie samooceny ma form\u0119 kwestionariusza dotycz\u0105cego wynik\u00f3w w zakresie zr\u00f3wnowa\u017conego rozwoju.<span style=\"font-family: var( --e-global-typography-text-font-family ), Sans-serif; font-weight: var( --e-global-typography-text-font-weight ); font-size: var(--bodyfontsize); letter-spacing: var(--bodyletterspacing); text-transform: var(--bodytexttransform);\"><\/span><\/p><p><\/span><\/p>\t\t\t\t\t\t\t\t<\/div>\n\t\t\t\t<\/div>\n\t\t\t\t<div class=\"elementor-element elementor-element-c9aaacd elementor-align-center elementor-widget elementor-widget-button\" data-id=\"c9aaacd\" data-element_type=\"widget\" data-e-type=\"widget\" data-widget_type=\"button.default\">\n\t\t\t\t<div class=\"elementor-widget-container\">\n\t\t\t\t\t\t\t\t\t<div class=\"elementor-button-wrapper\">\n\t\t\t\t\t<a class=\"elementor-button elementor-button-link elementor-size-sm\" href=\"https:\/\/esg-up.erasmus.site\/best-practices\/\">\n\t\t\t\t\t\t<span class=\"elementor-button-content-wrapper\">\n\t\t\t\t\t\t\t\t\t<span class=\"elementor-button-text\">Open<\/span>\n\t\t\t\t\t<\/span>\n\t\t\t\t\t<\/a>\n\t\t\t\t<\/div>\n\t\t\t\t\t\t\t\t<\/div>\n\t\t\t\t<\/div>\n\t\t\t\t\t<\/div>\n\t\t<\/div>\n\t\t\t\t\t<\/div>\n\t\t<\/section>\n\t\t\t\t<\/div>\n\t\t","protected":false},"excerpt":{"rendered":"<p>ESG-UP to 3 g\u0142\u00f3wne rezultaty. Rezultaty te umo\u017cliwi\u0105 pracownikom M\u015aP opracowanie i wdro\u017cenie skutecznych, zr\u00f3wnowa\u017conych modeli biznesowych przy zastosowaniu holistycznego&hellip;&nbsp;<\/p>\n","protected":false},"author":1,"featured_media":70,"parent":0,"menu_order":0,"comment_status":"closed","ping_status":"closed","template":"page-templates\/template-pagebuilder-full-width.php","meta":{"neve_meta_sidebar":"","neve_meta_container":"","neve_meta_enable_content_width":"off","neve_meta_content_width":100,"neve_meta_title_alignment":"","neve_meta_author_avatar":"","neve_post_elements_order":"","neve_meta_disable_header":"","neve_meta_disable_footer":"","neve_meta_disable_title":"","footnotes":""},"class_list":["post-72","page","type-page","status-publish","has-post-thumbnail","hentry"],"_links":{"self":[{"href":"https:\/\/esg-up.erasmus.site\/pl\/wp-json\/wp\/v2\/pages\/72","targetHints":{"allow":["GET"]}}],"collection":[{"href":"https:\/\/esg-up.erasmus.site\/pl\/wp-json\/wp\/v2\/pages"}],"about":[{"href":"https:\/\/esg-up.erasmus.site\/pl\/wp-json\/wp\/v2\/types\/page"}],"author":[{"embeddable":true,"href":"https:\/\/esg-up.erasmus.site\/pl\/wp-json\/wp\/v2\/users\/1"}],"replies":[{"embeddable":true,"href":"https:\/\/esg-up.erasmus.site\/pl\/wp-json\/wp\/v2\/comments?post=72"}],"version-history":[{"count":116,"href":"https:\/\/esg-up.erasmus.site\/pl\/wp-json\/wp\/v2\/pages\/72\/revisions"}],"predecessor-version":[{"id":1447,"href":"https:\/\/esg-up.erasmus.site\/pl\/wp-json\/wp\/v2\/pages\/72\/revisions\/1447"}],"wp:featuredmedia":[{"embeddable":true,"href":"https:\/\/esg-up.erasmus.site\/pl\/wp-json\/wp\/v2\/media\/70"}],"wp:attachment":[{"href":"https:\/\/esg-up.erasmus.site\/pl\/wp-json\/wp\/v2\/media?parent=72"}],"curies":[{"name":"wp","href":"https:\/\/api.w.org\/{rel}","templated":true}]}}