{"id":67,"date":"2022-09-05T12:52:29","date_gmt":"2022-09-05T12:52:29","guid":{"rendered":"https:\/\/esg-up.erasmus.site\/?page_id=67"},"modified":"2022-10-22T14:34:18","modified_gmt":"2022-10-22T14:34:18","slug":"about-the-project","status":"publish","type":"page","link":"https:\/\/esg-up.erasmus.site\/pl\/about-the-project\/","title":{"rendered":"O projekcie"},"content":{"rendered":"<p><\/p>\n<h3 style=\"text-align: center;\"><strong>Wprowadzenie<\/strong><\/h3>\n<p>Aby przygotowa\u0107 si\u0119 na wyzwania i mo\u017cliwo\u015bci bardziej ekologicznej gospodarki, unijne M\u015aP musz\u0105 wykorzysta\u0107 nadchodz\u0105c\u0105 faz\u0119 odbudowy gospodarczej do przeprowadzenia radykalnych zmian w swoich praktykach. Aby dokona\u0107 tej transformacji, rozpoznajemy potrzeb\u0119 edukacji i szkole\u0144 w dziedzinie<\/p>\n<p>ochrony \u015brodowiska, spo\u0142ecznej i zwi\u0105zanej z \u0142adem korporacyjnym (ESG) jako elementy holistycznej strategii biznesowej, kt\u00f3ra umo\u017cliwia specjalistom z mi\u0119dzysektorowych M\u015aP opracowanie lepszych zr\u00f3wnowa\u017conych praktyk. Zapewnienie firmom jasnej i wymiernej strategii ESG zapewni nie tylko przewag\u0119 konkurencyjn\u0105, ale tak\u017ce wi\u0119ksz\u0105 odporno\u015b\u0107 na przysz\u0142e zmiany gospodarcze oraz zapewni wi\u0119ksz\u0105 konkurencyjno\u015b\u0107 oraz mo\u017cliwo\u015bci finansowania i wzrostu. Ponadto zapewnienie, \u017ce M\u015aP maj\u0105 kompleksowe zrozumienie ESG, umo\u017cliwi wi\u0119ksz\u0105 zdolno\u015b\u0107 reagowania w \u0142a\u0144cuchu dostaw i scenariuszach finansowania.<\/p>\n<p>ESG to kryteria stosowane przez M\u015aP w celu prze\u015bwietlenia potencjalnych inwestycji z uwzgl\u0119dnieniem zr\u00f3wnowa\u017conego rozwoju.<\/p>\n<p>Kryteria \u015brodowiskowe uwzgl\u0119dniaj\u0105 ekologiczn\u0105 dzia\u0142alno\u015b\u0107 przedsi\u0119biorstwa. Kryteria spo\u0142eczne dotycz\u0105 tego jak M\u015aP zarz\u0105dzaj\u0105 relacjami z pracownikami, dostawcami, klientami i spo\u0142eczno\u015bciami, w kt\u00f3rych funkcjonuj\u0105. Zarz\u0105dzanie dotyczy przyw\u00f3dztwa, kontroli i procedur wewn\u0119trznych.<\/p>\n<p>Projekt ESG-UP zosta\u0142 opracowany w odpowiedzi na zaobserwowan\u0105 przez partner\u00f3w potrzeb\u0119 lepszego wspierania M\u015aP w procesie wdra\u017cania strategii zwi\u0105zanych z ochron\u0105 \u015brodowiska, spo\u0142ecznych i zwi\u0105zanych z \u0142adem korporacyjnym (ang. Environmental, Social and Governance, ESG).<\/p>\n<p>Projekt jest dla M\u015aP, dyrektor\u00f3w generalnych i pracownik\u00f3w dzia\u0142\u00f3w zwi\u0105zanych ze zr\u00f3wnowa\u017conym rozwojem i polityk\u0105 \u015brodowiskow\u0105 firmy, spo\u0142eczn\u0105 odpowiedzialno\u015bci\u0105 biznesu, zasobami ludzkimi, oraz wszystkich tych, kt\u00f3rzy maj\u0105 mo\u017cliwo\u015b\u0107 kszta\u0142towania firmy, czyni\u0105c j\u0105 bardziej zaanga\u017cowan\u0105 w ochron\u0119 \u015brodowiska.<\/p>\n<p>ESG-UP dostarcza operacyjne narz\u0119dzia szkoleniowe, kt\u00f3re b\u0119d\u0105 wspiera\u0107 wdra\u017canie i realizacj\u0119 strategii ESG oraz mierzenie wynik\u00f3w, wspieraj\u0105c planowane podej\u015bcia M\u015aP w zakresie zr\u00f3wnowa\u017conego rozwoju \u015brodowiska.<\/p>\n<h3 style=\"text-align: center;\"><strong>Cel<\/strong><\/h3>\n<p>G\u0142\u00f3wnym <strong>celem<\/strong> ESG-UP jest uzupe\u0142nienie brak\u00f3w w szkoleniu i wiedzy M\u015aP w zakresie <strong>praktyk zr\u00f3wnowa\u017conego rozwoju<\/strong>. Projekt koncentruje si\u0119 na zr\u00f3wnowa\u017conych dzia\u0142aniach biznesowych wynikaj\u0105cych z integracji <strong>cel\u00f3w czynnik\u00f3w zwi\u0105zanych z ochron\u0105 \u015brodowiska, spo\u0142ecznych i zwi\u0105zanych z \u0142adem korporacyjnym (ang. Environmental, Social and Governance, ESG).<\/strong><\/p>\n<h3 style=\"text-align: center;\"><strong>Grupa docelowa<\/strong><\/h3>\n<p>Grupa docelowa 1: M\u015aP oraz przedstawiciele firm rozpoczynaj\u0105cych dzia\u0142alno\u015b\u0107<\/p>\n<p>Grupa docelowa 2: Wszyscy profesjonali\u015bci, kt\u00f3rzy zapewniaj\u0105 edukacj\u0119, ci\u0105g\u0142e kszta\u0142cenie i szkolenie zawodowe, oceniaj\u0105 i wspieraj\u0105 grup\u0119 docelow\u0105 1, zw\u0142aszcza w zakresie wdra\u017cania modelu biznesowego, a tak\u017ce proces\u00f3w pracy, zarz\u0105dzania zasobami ludzkimi lub wszelkich dzia\u0142a\u0144 przekrojowych, kt\u00f3re pomagaj\u0105 zwi\u0119kszy\u0107 ich wydajno\u015b\u0107 i trwa\u0142o\u015b\u0107.<\/p>","protected":false},"excerpt":{"rendered":"<p>Wprowadzenie Aby przygotowa\u0107 si\u0119 na wyzwania i mo\u017cliwo\u015bci bardziej ekologicznej gospodarki, unijne M\u015aP musz\u0105 wykorzysta\u0107 nadchodz\u0105c\u0105 faz\u0119 odbudowy gospodarczej do&hellip;&nbsp;<\/p>\n","protected":false},"author":1,"featured_media":70,"parent":0,"menu_order":0,"comment_status":"closed","ping_status":"closed","template":"","meta":{"neve_meta_sidebar":"","neve_meta_container":"","neve_meta_enable_content_width":"off","neve_meta_content_width":100,"neve_meta_title_alignment":"","neve_meta_author_avatar":"","neve_post_elements_order":"","neve_meta_disable_header":"","neve_meta_disable_footer":"","neve_meta_disable_title":"","footnotes":""},"class_list":["post-67","page","type-page","status-publish","has-post-thumbnail","hentry"],"_links":{"self":[{"href":"https:\/\/esg-up.erasmus.site\/pl\/wp-json\/wp\/v2\/pages\/67","targetHints":{"allow":["GET"]}}],"collection":[{"href":"https:\/\/esg-up.erasmus.site\/pl\/wp-json\/wp\/v2\/pages"}],"about":[{"href":"https:\/\/esg-up.erasmus.site\/pl\/wp-json\/wp\/v2\/types\/page"}],"author":[{"embeddable":true,"href":"https:\/\/esg-up.erasmus.site\/pl\/wp-json\/wp\/v2\/users\/1"}],"replies":[{"embeddable":true,"href":"https:\/\/esg-up.erasmus.site\/pl\/wp-json\/wp\/v2\/comments?post=67"}],"version-history":[{"count":6,"href":"https:\/\/esg-up.erasmus.site\/pl\/wp-json\/wp\/v2\/pages\/67\/revisions"}],"predecessor-version":[{"id":226,"href":"https:\/\/esg-up.erasmus.site\/pl\/wp-json\/wp\/v2\/pages\/67\/revisions\/226"}],"wp:featuredmedia":[{"embeddable":true,"href":"https:\/\/esg-up.erasmus.site\/pl\/wp-json\/wp\/v2\/media\/70"}],"wp:attachment":[{"href":"https:\/\/esg-up.erasmus.site\/pl\/wp-json\/wp\/v2\/media?parent=67"}],"curies":[{"name":"wp","href":"https:\/\/api.w.org\/{rel}","templated":true}]}}