{"id":1448,"date":"2024-03-14T14:06:14","date_gmt":"2024-03-14T14:06:14","guid":{"rendered":"https:\/\/esg-up.erasmus.site\/?page_id=1448"},"modified":"2024-03-14T14:06:29","modified_gmt":"2024-03-14T14:06:29","slug":"privacy-policy","status":"publish","type":"page","link":"https:\/\/esg-up.erasmus.site\/pl\/privacy-policy\/","title":{"rendered":"Polityka prywatno\u015bci ESG-UP"},"content":{"rendered":"<p>Zgodnie z Europejsk\u0105 ustaw\u0105 o ochronie danych osobowych &#8211; og\u00f3lnym rozporz\u0105dzeniem o ochronie danych (RODO) &#8211; informujemy, \u017ce Twoje dane osobowe, kt\u00f3re musisz poda\u0107, aby uzyska\u0107 dost\u0119p do pakietu szkoleniowego ESG-UP, s\u0105 wykorzystywane wy\u0142\u0105cznie do cel\u00f3w administracyjnych. Aby uzyska\u0107 szczeg\u00f3\u0142owe informacje, zapoznaj si\u0119 z nasz\u0105 Polityk\u0105 prywatno\u015bci.<\/p>\n<p>Ilekro\u0107 w niniejszej Polityce Prywatno\u015bci jest mowa o &#8222;us\u0142udze&#8221;, oznacza to pakiet szkoleniowy utworzony w ramach projektu ESG-UP (numer projektu 2021-1-IE01-KA220-VET-000034728), dost\u0119pny pod adresem <a href=\"https:\/\/esg-up.erasmus.site\/\">https:\/\/esg-up.erasmus.site\/<\/a>, finansowany przez Komisj\u0119 Europejsk\u0105 w ramach programu Erasmus+.<\/p>\n<p>Stowarzyszenie \u201cCentrum Wspierania Edukacji i Przedsi\u0119biorczo\u015bci\u201d (dalej zwane CWEP) z biurem w Rzesz\u00f3w, 35-068, ul. Grunwaldzka 16C, \u00a0zarejestrowane w S\u0105dzie Rejonowym w Rzeszowie, XII Wydzia\u0142 Gospodarczy KRS, Numer KRS 0000211526, posiadacz NIP: 813-351-94-55 i numeru REGON 180189259, jest administratorem danych osobowych w zwi\u0105zku z korzystaniem z us\u0142ugi, zwane dalej \u201cdanymi osobowymi\u201d. Dostarczone dane osobowe s\u0105 przetwarzane zgodnie z rozporz\u0105dzeniem (UE) 2016\/679 Parlamentu Europejskiego i Rady z dnia 27 kwietnia 2016 r. W sprawie ochrony os\u00f3b fizycznych w zwi\u0105zku z przetwarzaniem danych osobowych i swobodnym przep\u0142ywem takich danych..<\/p>\n<p>Korzystanie z us\u0142ugi \u015bwiadczonej przez CWEP oznacza, \u017ce wyra\u017casz zgod\u0119 na zbieranie informacji i wykorzystywanie tych informacji w spos\u00f3b zgodny z zasadami okre\u015blonymi w niniejszym dokumencie.<\/p>\n<p>Dane osobowe, kt\u00f3re s\u0105 przetwarzane, s\u0105 przechowywane w okresie korzystania z us\u0142ugi. Je\u017celi us\u0142uga nie by\u0142a u\u017cywana (dost\u0119p do niej) przez okres 12 miesi\u0119cy, dane osobowe mog\u0105 zosta\u0107 trwale usuni\u0119te zgodnie z niniejsz\u0105 Polityk\u0105 prywatno\u015bci.<\/p>\n<p>U\u017cytkownik ma prawo w ka\u017cdej chwili wycofa\u0107 zgod\u0119 na przetwarzanie danych osobowych. Wycofanie zgody nie wp\u0142ywa na zgodne z prawem przetwarzanie na podstawie zgody danej przed jej wycofaniem. U\u017cytkownik ma prawo z\u0142o\u017cy\u0107 skarg\u0119 do organu nadzorczego.<\/p>\n<p><strong>Jakie dane zbieramy<\/strong><\/p>\n<p>Aby korzysta\u0107 z us\u0142ugi, wymagane jest podanie pewnych danych osobowych (imi\u0119 i nazwisko, adres e-mail oraz opcjonalnie dane, kt\u00f3re mo\u017cna dodatkowo poda\u0107 w profilu). W przypadku niepodania tych danych nie b\u0119dziemy mogli zapewni\u0107 dost\u0119pu do us\u0142ugi.<\/p>\n<p>Nale\u017cy zauwa\u017cy\u0107, \u017ce zgoda os\u00f3b trzecich jest wymagana w przypadku ujawnienia CWEP jakichkolwiek danych osobowych os\u00f3b trzecich. CWEP prosi, aby wszystkie dostarczone dane osobowe by\u0142y wa\u017cne, dok\u0142adne i aktualne, a wszelkie zmiany by\u0142y wprowadzane tak szybko, jak to mo\u017cliwe.<\/p>\n<p>Za ka\u017cdym razem, gdy u\u017cytkownik uzyskuje dost\u0119p do us\u0142ugi, nasz serwer sieciowy automatycznie pobiera informacje zwi\u0105zane z wizyt\u0105. Informacje te obejmuj\u0105: adres URL domeny lub domen\u0119 strony internetowej, typ u\u017cywanej przegl\u0105darki, system operacyjny, odwiedzane strony internetowe oraz dat\u0119 i godzin\u0119 wizyty. Ponadto pseudonimizowane dane o wizytach s\u0105 gromadzone i wykorzystywane wy\u0142\u0105cznie w celu zapewnienia wsparcia technicznego, a tak\u017ce w celu zabezpieczenia naszych praw w przypadku naruszenia bezpiecze\u0144stwa lub naruszenia zasad korzystania z us\u0142ugi. Je\u015bli takie informacje zostan\u0105 przypisane do u\u017cytkownika, takie dzia\u0142anie jest podejmowane zgodnie z niniejsz\u0105 Polityk\u0105 prywatno\u015bci.<\/p>\n<p>Wszystkie dane wymagane do logowania przesy\u0142ane mi\u0119dzy odwiedzaj\u0105cym us\u0142ug\u0119 a CWEP s\u0105 szyfrowane, co pomaga zminimalizowa\u0107 ryzyko wycieku danych.<\/p>\n<p><strong>\u00a0<\/strong><\/p>\n<p><strong>Cel wykorzystania informacji<\/strong><\/p>\n<p>Gromadzenie Danych Osobowych przez CWEP ma na celu zapewnienie U\u017cytkownikom bezpiecznego, bezproblemowego i dostosowanego do ich potrzeb dost\u0119pu do serwisu. Ponadto Dane Osobowe przekazane CWEP s\u0105 wykorzystywane przez CWEP w celu rejestracji U\u017cytkownika i umo\u017cliwienia dost\u0119pu do us\u0142ugi.<\/p>\n<p>Dane osobowe lub ich cz\u0119\u015bci mog\u0105 by\u0107 r\u00f3wnie\u017c udost\u0119pniane innym u\u017cytkownikom serwisu, w zale\u017cno\u015bci od ustawie\u0144 profilu u\u017cytkownika.<\/p>\n<p>Stowarzyszenie CWEP gromadzi i przetwarza Dane Osobowe U\u017cytkownika lub zleca to osobom trzecim w imieniu stowarzyszenia, w zakresie, w jakim jest to dozwolone lub konieczne do zapewnienia U\u017cytkownikowi us\u0142ugi i pomocy w rozwi\u0105zywaniu problem\u00f3w, por\u00f3wnywania informacji w celu zapewnienia ich dok\u0142adno\u015bci, rozwi\u0105zywania spor\u00f3w, weryfikacji to\u017csamo\u015bci U\u017cytkownika, dostosowywania, analizowania i ulepszania us\u0142ugi, ochrony interes\u00f3w U\u017cytkownika i CWEP oraz zapobiegania oszustwom i ich zwalczania. Dostarczone dane osobowe mog\u0105 by\u0107 r\u00f3wnie\u017c wykorzystywane w celu zapewnienia wsparcia technicznego, opracowania nowych funkcji opartych na \u015bwiadczonej us\u0142udze, a tak\u017ce ich ulepszenia w celu zwi\u0119kszenia \u0142atwo\u015bci korzystania z us\u0142ugi.<\/p>\n<p><strong>Zasady przechowywania danych i tworzenia kopii zapasowych<\/strong><\/p>\n<p>Wszystkie systemy produkcyjne s\u0105 zabezpieczone codziennymi kopiami zapasowymi, kt\u00f3re umo\u017cliwiaj\u0105 CWEP szybko reagowa\u0107 w przypadku niespodziewanych zdarze\u0144, takich jak na przyk\u0142ad awaria sprz\u0119tu. Oznacza to, \u017ce po otrzymaniu \u017c\u0105dania usuni\u0119cia danych osobowych jest on usuwany bez zb\u0119dnych op\u00f3\u017anie\u0144 z system\u00f3w produkcyjnych, ale nadal jest obecny w kopiach zapasowych. Dane osobowe s\u0105 ostatecznie usuwane ca\u0142kowicie po pe\u0142nym cyklu tworzenia kopii zapasowych, kt\u00f3ry trwa do 60 dni kalendarzowych.<\/p>\n<p><strong>Ujawnianie danych stronom trzecim<\/strong><\/p>\n<p>Zebrane dane osobowe nie zostan\u0105 sprzedane, ani ujawnione w jakikolwiek spos\u00f3b stronom trzecim chyba, \u017ce obowi\u0105zek taki wynika z przepis\u00f3w prawa, w przypadku naruszenia obowi\u0105zuj\u0105cych przepis\u00f3w lub w celu ochrony praw CWEP lub innych os\u00f3b przed nielegalnymi lub szkodliwymi dzia\u0142aniami.<\/p>\n<p>CWEP mo\u017ce zosta\u0107 zobowi\u0105zany do ujawnienia danych osobowych agencji krajowej Erasmus + odpowiedzialnej za dany projekt w celu przeprowadzenia audytu. Taki wniosek mo\u017ce r\u00f3wnie\u017c zosta\u0107 wydany przez organ nadzorczy Agencji Krajowej Erasmus +, a mianowicie Komisji Europejskiej.<\/p>\n<p>Stowarzyszenie CWEP zastrzega sobie prawo do ujawnienia danych osobowych okre\u015blonym podmiotom zewn\u0119trznym zleconym przez CWEP do wykonywania niekt\u00f3rych bie\u017c\u0105cych operacji zwi\u0105zanych z dzia\u0142alno\u015bci\u0105 gospodarcz\u0105. Nale\u017cy zauwa\u017cy\u0107, \u017ce CWEP do\u0142o\u017cy nale\u017cytej staranno\u015bci, aby zapewni\u0107, \u017ce osoby trzecie, kt\u00f3rym ujawniane b\u0119d\u0105 dane osobowe do wy\u017cej wymienionych cel\u00f3w, b\u0119d\u0105 traktowa\u0107 dane osobowe ujawniane zgodnie z Polityk\u0105 Prywatno\u015bci CWEP oraz w spos\u00f3b zgodny z obowi\u0105zuj\u0105cym prawem. Ponadto dane osobowe u\u017cytkownika mog\u0105 zosta\u0107 ujawnione w przypadku zmiany statutu stowarzyszenia CWEP.<\/p>\n<p><strong>Ciasteczka<\/strong><\/p>\n<p>Wykorzystanie plik\u00f3w cookie przez CWEP jest wymagane, aby zapewni\u0107 optymaln\u0105 funkcjonalno\u015b\u0107 us\u0142ugi. Pliki cookie s\u0105 przechowywane na dysku twardym i mog\u0105 by\u0107 wykorzystywane do dostosowania indywidualnych preferencji U\u017cytkownik\u00f3w oraz do zbierania og\u00f3lnych danych statystycznych.<\/p>\n<p><strong>Zmiany w danych osobowych<\/strong><\/p>\n<p>U\u017cytkownik ma prawo za\u017c\u0105da\u0107 dost\u0119pu do danych osobowych oraz ich poprawienia lub usuni\u0119cia (\u201eprawo do bycia zapomnianym\u201d) danych osobowych lub ograniczenia przetwarzania dotycz\u0105cego podmiotu danych lub sprzeciwi\u0107 si\u0119 przetwarzaniu, jak r\u00f3wnie\u017c realizacji prawa do przenoszenia danych. Niekt\u00f3re informacje mog\u0105 by\u0107 wy\u015bwietlane i edytowane za po\u015brednictwem Internetu za pomoc\u0105 przegl\u0105darki internetowej po zalogowaniu si\u0119 do us\u0142ugi \u015bwiadczonej przez CWEP.<\/p>\n<p>CWEP odpowiada na \u017c\u0105dania dotycz\u0105ce wy\u015bwietlania, poprawiania, uzupe\u0142niania i\u00a0usuwania danych osobowych w rozs\u0105dnym czasie i po sprawdzeniu to\u017csamo\u015bci U\u017cytkownika.<\/p>\n<p>CWEP do\u0142o\u017cy wszelkich uzasadnionych stara\u0144, aby spe\u0142ni\u0107 \u017c\u0105dania U\u017cytkownik\u00f3w dotycz\u0105ce usuni\u0119cia danych osobowych chyba, \u017ce dane te musz\u0105 by\u0107 przechowywane z powodu obowi\u0105zuj\u0105cego prawa lub zgodnie z prawem cel\u00f3w biznesowych..<\/p>\n<p><strong>Dezaktywacja konta<\/strong><\/p>\n<p>Po otrzymaniu pro\u015bby o usuni\u0119cie danych osobowych przez CWEP dane osobowe, o\u00a0kt\u00f3rych mowa, zostan\u0105 zablokowane bez zb\u0119dnej zw\u0142oki, a dost\u0119p do us\u0142ugi nie b\u0119dzie ju\u017c mo\u017cliwy. Dane osobowe b\u0119d\u0105 przechowywane przez okres do 30 dni kalendarzowych, co umo\u017cliwi ich odzyskanie w przypadku omy\u0142kowego zg\u0142oszenia pro\u015bby o dezaktywacj\u0119 konta. Po 30 dniach kalendarzowych przywr\u00f3cenie danych osobowych nie b\u0119dzie ju\u017c mo\u017cliwe.<\/p>\n<p>Aby zachowa\u0107 bie\u017c\u0105ce dzia\u0142ania i zapobiec nieporozumieniom dla innych u\u017cytkownik\u00f3w, niekt\u00f3re tre\u015bci nie zostan\u0105 usuni\u0119te. Obejmuje to wszystkie informacje dostarczone i wprowadzone do tej us\u0142ugi (takie jak na przyk\u0142ad wiadomo\u015bci lub pliki). Po dezaktywacji konta informacje te b\u0119d\u0105 oznaczone, jako \u201eWy\u0142\u0105czony u\u017cytkownik\u201d. Przed \u017c\u0105daniem dezaktywacji konta powy\u017csz\u0105 tre\u015b\u0107 mo\u017cna usun\u0105\u0107 r\u0119cznie.<\/p>\n<p><strong>Dzieci<\/strong><\/p>\n<p>Us\u0142uga nie jest przeznaczona dla dzieci poni\u017cej 18 roku \u017cycia, a tak\u017ce nie ma na celu przyci\u0105gni\u0119cia ich uwagi. CWEP nie zbiera danych osobowych od dzieci w wieku poni\u017cej 18 lat oraz w niekt\u00f3rych jurysdykcjach od dzieci w wieku 18 lat, w spos\u00f3b zamierzony. Zach\u0119camy rodzic\u00f3w do zainteresowania si\u0119 dzia\u0142alno\u015bci\u0105 internetow\u0105 ich dzieci, aby zagwarantowa\u0107, \u017ce nie uzyskamy \u017cadnych informacji od dzieci bez zgody rodzic\u00f3w.<\/p>\n<p><strong>Bezpiecze\u0144stwo<\/strong><\/p>\n<p>CWEP stosuje \u015brodki techniczne i organizacyjne w celu ochrony danych osobowych zbieranych przez CWEP z nieautoryzowanego dost\u0119pu lub niew\u0142a\u015bciwego u\u017cytkowania przez osoby nieuprawnione. Stosowane metody i \u015brodki techniczne zosta\u0142y ulepszone wraz z rozwojem nowych technologii, potrzeb i dost\u0119pnych metod ochrony.<\/p>\n<p><strong>Ochrona i przechowywanie danych<\/strong><\/p>\n<p>Informacje zbierane przez CWEP s\u0105 przechowywane przez rozs\u0105dny okres czasu, aby umo\u017cliwi\u0107 ich wykorzystanie do cel\u00f3w okre\u015blonych w niniejszym dokumencie. Stowarzyszenie CWEP mo\u017ce korzysta\u0107 z us\u0142ug stron trzecich (firm) w celu gromadzenia i przechowywania zebranych informacji w jego imieniu. Wszystkie takie firmy b\u0119d\u0105 musia\u0142y spe\u0142nia\u0107 wymagania niniejszej polityki prywatno\u015bci.<\/p>\n<p><strong>Zmiany w polityce prywatno\u015bci<\/strong><\/p>\n<p>CWEP zastrzega sobie prawo do zmiany zasad niniejszej polityki prywatno\u015bci w\u00a0dowolnym momencie. Prawa u\u017cytkownika wynikaj\u0105ce z niniejszej polityki prywatno\u015bci nie b\u0119d\u0105 ograniczone bez zgody u\u017cytkownika.<\/p>\n<p>Wszelkie zmiany w niniejszej polityce prywatno\u015bci b\u0119d\u0105 publikowane w przejrzysty spos\u00f3b na temat us\u0142ugi oferowanej przez CWEP. U\u017cytkownicy CWEP s\u0105 zwi\u0105zani niniejsz\u0105 wersj\u0105 polityki prywatno\u015bci. Poprzednie wersje niniejszej polityki prywatno\u015bci s\u0105 przechowywane w archiwach, aby umo\u017cliwi\u0107 U\u017cytkownikom zapoznanie si\u0119 z nimi, je\u015bli to konieczne.<\/p>\n<p><strong>Kontakt<\/strong><\/p>\n<p>Wszystkie pro\u015bby o dost\u0119p do Twoich informacji, modyfikacj\u0119 Twoich informacji lub pytania dotycz\u0105ce tej Polityki Prywatno\u015bci nale\u017cy przesy\u0142a\u0107 za pomoc\u0105 naszego\u00a0<a href=\"https:\/\/cwep.eu\/kontakt\/\">formularza kontaktowego<\/a>,\u00a0<a href=\"mailto:office@cwep.eu\">e-mailem<\/a>\u00a0lub pisemnie na poni\u017cszy adres:<\/p>\n<p><strong>Stowarzyszenie \u201cCentrum Wspierania Edukacji i Przedsi\u0119biorczo\u015bci\u201d <\/strong><br \/>\nGrunwaldzka 16C<\/p>\n<p>35-068 Rzeszow<br \/>\nPoland<\/p>","protected":false},"excerpt":{"rendered":"<p>Zgodnie z Europejsk\u0105 ustaw\u0105 o ochronie danych osobowych &#8211; og\u00f3lnym rozporz\u0105dzeniem o ochronie danych (RODO) &#8211; informujemy, \u017ce Twoje dane&hellip;&nbsp;<\/p>\n","protected":false},"author":1,"featured_media":0,"parent":0,"menu_order":0,"comment_status":"closed","ping_status":"closed","template":"","meta":{"neve_meta_sidebar":"","neve_meta_container":"","neve_meta_enable_content_width":"off","neve_meta_content_width":100,"neve_meta_title_alignment":"","neve_meta_author_avatar":"","neve_post_elements_order":"","neve_meta_disable_header":"","neve_meta_disable_footer":"","neve_meta_disable_title":"","footnotes":""},"class_list":["post-1448","page","type-page","status-publish","hentry"],"_links":{"self":[{"href":"https:\/\/esg-up.erasmus.site\/pl\/wp-json\/wp\/v2\/pages\/1448","targetHints":{"allow":["GET"]}}],"collection":[{"href":"https:\/\/esg-up.erasmus.site\/pl\/wp-json\/wp\/v2\/pages"}],"about":[{"href":"https:\/\/esg-up.erasmus.site\/pl\/wp-json\/wp\/v2\/types\/page"}],"author":[{"embeddable":true,"href":"https:\/\/esg-up.erasmus.site\/pl\/wp-json\/wp\/v2\/users\/1"}],"replies":[{"embeddable":true,"href":"https:\/\/esg-up.erasmus.site\/pl\/wp-json\/wp\/v2\/comments?post=1448"}],"version-history":[{"count":1,"href":"https:\/\/esg-up.erasmus.site\/pl\/wp-json\/wp\/v2\/pages\/1448\/revisions"}],"predecessor-version":[{"id":1449,"href":"https:\/\/esg-up.erasmus.site\/pl\/wp-json\/wp\/v2\/pages\/1448\/revisions\/1449"}],"wp:attachment":[{"href":"https:\/\/esg-up.erasmus.site\/pl\/wp-json\/wp\/v2\/media?parent=1448"}],"curies":[{"name":"wp","href":"https:\/\/api.w.org\/{rel}","templated":true}]}}