{"id":67,"date":"2022-09-05T12:52:29","date_gmt":"2022-09-05T12:52:29","guid":{"rendered":"https:\/\/esg-up.erasmus.site\/?page_id=67"},"modified":"2022-10-22T14:34:18","modified_gmt":"2022-10-22T14:34:18","slug":"about-the-project","status":"publish","type":"page","link":"https:\/\/esg-up.erasmus.site\/es\/about-the-project\/","title":{"rendered":"Sobre el proyecto"},"content":{"rendered":"<p><\/p>\n<h3 style=\"text-align: center;\"><strong>Introducci\u00f3n<\/strong><\/h3>\n<p>Para prepararse para los desaf\u00edos y oportunidades de una econom\u00eda m\u00e1s verde, las pymes de la UE deben aprovechar la pr\u00f3xima fase de recuperaci\u00f3n para operar cambios dr\u00e1sticos en sus pr\u00e1cticas. Para lograr esta transformaci\u00f3n, detectamos la necesidad de educaci\u00f3n y capacitaci\u00f3n en los campos Ambiental, Social y de Gobernanza (ESG) como parte de una estrategia comercial integral que permita a los profesionales de las pymes de todos los secotres desarrollar mejores pr\u00e1cticas sostenibles. Garantizar que las empresas tengan una estrategia ESG clara y medible proporciona no solo una ventaja competitiva, sino que tambi\u00e9n proporciona una mayor resiliencia frente a futuros impactos econ\u00f3micos y proporciona una mayor competitividad y oportunidades de financiaci\u00f3n y crecimiento. Adem\u00e1s, garantizar que las pymes tengan una comprensi\u00f3n integral de la ESG permitir\u00e1 una mayor capacidad de respuesta en la cadena de suministro y los escenarios financieros.<\/p>\n<p>La ESG es un criterio utilizado por las pymes para evaluar posibles inversiones con un enfoque sostenible. Los criterios ambientales consideran el desempe\u00f1o verde de la empresa. Los criterios sociales observan c\u00f3mo la PYME gestiona las relaciones con sus empleados, proveedores, clientes y comunidades donde opera. La gobernanza trata de liderazgo, control y procedimientos internos.<\/p>\n<p>La propuesta del proyecto ESG-UP fue dise\u00f1ada para responder a la necesidad observada por los socios de acompa\u00f1ar mejor a las PYMEs en el proceso de implementaci\u00f3n de estrategias Ambientales, Sociales y de Gobernanza (ESG). Se centra en las pymes, sus directores generales y los trabajadores de los departamentos relacionados con la pol\u00edtica de sostenibilidad y medio ambiente de la compa\u00f1\u00eda, la responsabilidad social corporativa, los recursos humanos, y todos aquellos con capacidad para cambiar el enfoque de la actividad de la empresa, haci\u00e9ndola m\u00e1s sostenible y comprometida con su entorno. ESG-UP ofrece herramientas de capacitaci\u00f3n operativa que respaldar\u00e1n la implementaci\u00f3n y entrega de una estrategia ESG y medir\u00e1n los resultados, respaldando los enfoques planificados de las PYMEs con respecto a la sostenibilidad ambiental.<\/p>\n<h3 style=\"text-align: center;\"><strong>Objetivo<\/strong><\/h3>\n<p>El <strong>objetivo<\/strong> principal de ESG-UP es abordar las brechas de formaci\u00f3n y conocimiento de las PYMEs en <strong>pr\u00e1cticas de sostenibilidad<\/strong> para ser m\u00e1s competitivas y resilientes. El proyecto se centra en operaciones comerciales sostenibles como resultado de la integraci\u00f3n de <strong>objetivos y mediciones ESG (ambiental, social y de gobiernanza).<\/strong><\/p>\n<h3 style=\"text-align: center;\"><strong>P\u00fablico objetivo<\/strong><\/h3>\n<p>Grupo destinatario 1: PYMEs y representantes de empresas emergentes.<\/p>\n<p>Grupo objetivo 2: todos los profesionales que proporcionen formaci\u00f3n, formaci\u00f3n profesional continua, asesoramiento y apoyo al grupo destinatario 1, especialmente en el \u00e1mbito de la implantaci\u00f3n del modelo de negocio, as\u00ed como de procesos de trabajo, gesti\u00f3n de RRHH o cualquier actividad transversal que ayude a mejorar su eficiencia y sostenibilidad.<\/p>","protected":false},"excerpt":{"rendered":"<p>Introducci\u00f3n Para prepararse para los desaf\u00edos y oportunidades de una econom\u00eda m\u00e1s verde, las pymes de la UE deben aprovechar&hellip;&nbsp;<\/p>\n","protected":false},"author":1,"featured_media":70,"parent":0,"menu_order":0,"comment_status":"closed","ping_status":"closed","template":"","meta":{"neve_meta_sidebar":"","neve_meta_container":"","neve_meta_enable_content_width":"off","neve_meta_content_width":100,"neve_meta_title_alignment":"","neve_meta_author_avatar":"","neve_post_elements_order":"","neve_meta_disable_header":"","neve_meta_disable_footer":"","neve_meta_disable_title":"","footnotes":""},"class_list":["post-67","page","type-page","status-publish","has-post-thumbnail","hentry"],"_links":{"self":[{"href":"https:\/\/esg-up.erasmus.site\/es\/wp-json\/wp\/v2\/pages\/67","targetHints":{"allow":["GET"]}}],"collection":[{"href":"https:\/\/esg-up.erasmus.site\/es\/wp-json\/wp\/v2\/pages"}],"about":[{"href":"https:\/\/esg-up.erasmus.site\/es\/wp-json\/wp\/v2\/types\/page"}],"author":[{"embeddable":true,"href":"https:\/\/esg-up.erasmus.site\/es\/wp-json\/wp\/v2\/users\/1"}],"replies":[{"embeddable":true,"href":"https:\/\/esg-up.erasmus.site\/es\/wp-json\/wp\/v2\/comments?post=67"}],"version-history":[{"count":6,"href":"https:\/\/esg-up.erasmus.site\/es\/wp-json\/wp\/v2\/pages\/67\/revisions"}],"predecessor-version":[{"id":226,"href":"https:\/\/esg-up.erasmus.site\/es\/wp-json\/wp\/v2\/pages\/67\/revisions\/226"}],"wp:featuredmedia":[{"embeddable":true,"href":"https:\/\/esg-up.erasmus.site\/es\/wp-json\/wp\/v2\/media\/70"}],"wp:attachment":[{"href":"https:\/\/esg-up.erasmus.site\/es\/wp-json\/wp\/v2\/media?parent=67"}],"curies":[{"name":"wp","href":"https:\/\/api.w.org\/{rel}","templated":true}]}}