{"id":1448,"date":"2024-03-14T14:06:14","date_gmt":"2024-03-14T14:06:14","guid":{"rendered":"https:\/\/esg-up.erasmus.site\/?page_id=1448"},"modified":"2024-03-14T14:06:29","modified_gmt":"2024-03-14T14:06:29","slug":"privacy-policy","status":"publish","type":"page","link":"https:\/\/esg-up.erasmus.site\/es\/privacy-policy\/","title":{"rendered":"Pol\u00edtica de privacidad de ESG-UP"},"content":{"rendered":"<p>De acuerdo con la ley europea sobre protecci\u00f3n de datos personales, el Reglamento General de Protecci\u00f3n de Datos (GDPR), nos gustar\u00eda informarle que sus datos personales, que debe proporcionar para acceder al ESG-UP &#8211; Paquete de formaci\u00f3n, se utilizan con fines administrativos. prop\u00f3sitos, \u00fanicamente. Para obtener m\u00e1s informaci\u00f3n, lea nuestra Pol\u00edtica de privacidad.<\/p>\n<p>Siempre que la siguiente Pol\u00edtica de Privacidad mencione \u201cservicio\u201d, se refiere al paquete de formaci\u00f3n creado dentro del proyecto ESG-UP (n\u00famero de proyecto 2021-1-IE01-KA220-VET-000034728), disponible en <a href=\"https:\/\/esg-up.erasmus.site\/\">https:\/\/esg-up.erasmus.site\/<\/a>,financiado por la Comisi\u00f3n Europea en el marco del programa Erasmus+.<\/p>\n<p>Stowarzyszenie \u201cCentrum Wspierania Edukacji i Przedsi\u0119biorczo\u015bci\u201d (en adelante CWEP) con sede en Rzesz\u00f3w, 35-068, ul. Grunwaldzka 16C, inscrita en el Tribunal de Distrito de Rzesz\u00f3w, XII Departamento Comercial del Registro del Tribunal Nacional, n\u00famero KRS 0000211526, titular del n\u00famero de identificaci\u00f3n fiscal NIP: 813-351-94-55 y n\u00famero estad\u00edstico REGON 180189259, es administrador de datos personales proporcionado en relaci\u00f3n con el uso del servicio, en lo sucesivo denominado \u00abDatos personales\u00bb. Los datos personales proporcionados se procesan de conformidad con el Reglamento (UE) 2016\/679 del Parlamento Europeo y del Consejo, de 27 de abril de 2016, relativo a la protecci\u00f3n de las personas f\u00edsicas en lo que respecta al tratamiento de datos personales y a la libre circulaci\u00f3n de dichos datos.<\/p>\n<p>El uso del servicio proporcionado por CWEP implica que usted acepta la pr\u00e1ctica de recopilar informaci\u00f3n y el uso de dicha informaci\u00f3n de una manera que est\u00e9 de acuerdo con los principios aqu\u00ed especificados.<\/p>\n<p>Los Datos Personales que se procesan se almacenan durante el per\u00edodo de utilizaci\u00f3n del servicio. En caso de que no se haya utilizado (accedido) al servicio durante un per\u00edodo de 12 meses, los Datos personales podr\u00edan eliminarse permanentemente de conformidad con esta Pol\u00edtica de privacidad.<\/p>\n<p>El Usuario tiene derecho a retirar el consentimiento prestado para el tratamiento de Datos Personales en cualquier momento. La retirada del consentimiento no afecta a la licitud del tratamiento basado en el consentimiento antes de su retirada. El Usuario tiene derecho a presentar una reclamaci\u00f3n ante una autoridad de control.<\/p>\n<p><strong>\u00bfQu\u00e9 tipo de datos recopilamos?<\/strong><\/p>\n<p>Para utilizar el servicio, es necesario que proporcione algunos Datos Personales (nombre y apellido, direcci\u00f3n de correo electr\u00f3nico y, opcionalmente, datos que pueden proporcionarse adicionalmente en el perfil). En caso de que no proporcione esta informaci\u00f3n, no podremos brindarle acceso al servicio.<\/p>\n<p>Es importante tener en cuenta que se requiere el consentimiento de terceros en caso de que se divulguen datos personales de terceros a CWEP. CWEP solicita que todos los Datos Personales proporcionados sean v\u00e1lidos, exactos, actualizados y que todos los cambios se introduzcan lo antes posible.<\/p>\n<p>Cada vez que accede al servicio, nuestro servidor de red descarga autom\u00e1ticamente informaci\u00f3n relacionada con la visita. Esta informaci\u00f3n incluye: URL del dominio o dominio del sitio web, el tipo de navegador que se utiliza, el sistema operativo, los sitios web a los que se accedi\u00f3 y la fecha y hora de la visita. Adem\u00e1s, los datos seudonimizados sobre las visitas se recopilan y utilizan \u00fanicamente con el fin de brindar soporte t\u00e9cnico y tambi\u00e9n para garantizar nuestros derechos en caso de una violaci\u00f3n de la seguridad o violaci\u00f3n del uso del servicio. Si dicha informaci\u00f3n se le atribuye a usted, dicha acci\u00f3n se toma de acuerdo con esta Pol\u00edtica de Privacidad.<\/p>\n<p>Todos los datos necesarios para iniciar sesi\u00f3n enviados entre el visitante del servicio y CWEP est\u00e1n cifrados, lo que ayuda a minimizar el riesgo de fuga de datos.<\/p>\n<p><strong>\u00a0<\/strong><\/p>\n<p><strong>Prop\u00f3sito del uso de la informaci\u00f3n<\/strong><\/p>\n<p>La recopilaci\u00f3n de Datos personales por parte de CWEP tiene como objetivo proporcionar a los Usuarios un acceso seguro, sin problemas y personalizado al servicio. Adem\u00e1s, los Datos Personales proporcionados a CWEP son utilizados por CWEP para registrar al Usuario y darle acceso al servicio.<\/p>\n<p>Los datos personales, o parte de ellos, tambi\u00e9n podr\u00edan compartirse con otros usuarios del servicio, dependiendo de la configuraci\u00f3n del perfil del usuario.<\/p>\n<p>La asociaci\u00f3n CWEP recopila y procesa Datos personales del Usuario, o ordena a terceros que lo hagan en nombre de la asociaci\u00f3n, en la medida permitida o necesaria para brindar al Usuario servicio y asistencia en la resoluci\u00f3n de problemas, comparar informaci\u00f3n para asegurar su exactitud, resolver disputas, verificar la identidad del Usuario, ajustar, analizar y mejorar el servicio, para proteger los intereses del Usuario y de CWEP, y prevenir y combatir el fraude. Los Datos Personales entregados tambi\u00e9n podr\u00e1n utilizarse para brindar soporte t\u00e9cnico, desarrollar nuevas funcionalidades basadas en el servicio prestado y tambi\u00e9n mejorarlas con el fin de aumentar la facilidad de uso del servicio.<\/p>\n<p><strong>Pol\u00edtica de retenci\u00f3n y respaldo de datos<\/strong><\/p>\n<p>Todos los sistemas de producci\u00f3n est\u00e1n protegidos por copias de seguridad diarias que permiten a CWEP reaccionar r\u00e1pidamente en caso de eventos inesperados como, por ejemplo, fallas de hardware. Esto significa que una vez que se recibe una solicitud de eliminaci\u00f3n de datos personales, estos se eliminan sin demoras innecesarias de los sistemas de producci\u00f3n, pero a\u00fan est\u00e1n presentes en las copias de seguridad. Los datos personales finalmente se eliminan por completo despu\u00e9s de un ciclo de copia de seguridad completo de hasta 60 d\u00edas naturales.<\/p>\n<p><strong>Cesi\u00f3n de datos a terceros<\/strong><\/p>\n<p>Los datos personales recopilados no ser\u00e1n vendidos ni divulgados de ninguna manera a terceros, a menos que la obligaci\u00f3n de hacerlo surja de la ley, en caso de incumplimiento de la normativa aplicable, o con el fin de proteger los derechos de CWEP u otros de acciones ilegales o perjudiciales.<\/p>\n<p>CWEP podr\u00eda verse obligado a revelar los datos personales a la agencia nacional Erasmus+ responsable del proyecto en particular con fines de auditor\u00eda. Dicha solicitud tambi\u00e9n podr\u00eda ser enviada por el organismo de supervisi\u00f3n a la Agencia Nacional Erasmus+, es decir, la Comisi\u00f3n Europea.<\/p>\n<p>La asociaci\u00f3n CWEP se reserva el derecho de revelar Datos Personales a determinados terceros subcontratados por CWEP para realizar determinadas operaciones de la actividad empresarial actual. Cabe se\u00f1alar que CWEP ejercer\u00e1 la debida diligencia para garantizar que los terceros a quienes se divulgar\u00e1n los Datos personales para los fines antes mencionados tratar\u00e1n los Datos personales divulgados de acuerdo con la Pol\u00edtica de privacidad de CWEP y de manera compatible con la ley aplicable. Adem\u00e1s, los Datos Personales del Usuario podr\u00e1n ser divulgados en caso de venta o reestructuraci\u00f3n de CWEP.<\/p>\n<p><strong>Cookies<\/strong><\/p>\n<p>El uso de cookies por parte de CWEP es necesario para proporcionar una funcionalidad \u00f3ptima del servicio. Las cookies se almacenan en el disco duro de CWEP y pueden utilizarse para ajustar las preferencias individuales de los Usuarios y recopilar datos estad\u00edsticos generales.<\/p>\n<p><strong>Cambios en los datos personales<\/strong><\/p>\n<p>El usuario tiene derecho a solicitar el acceso y la rectificaci\u00f3n o supresi\u00f3n (\u201cderecho al olvido\u201d) de los Datos Personales o la restricci\u00f3n del procesamiento del interesado o a oponerse al procesamiento, as\u00ed como el derecho a la portabilidad de los datos. Alguna informaci\u00f3n puede mostrarse y editarse a trav\u00e9s de Internet utilizando un navegador de Internet, al iniciar sesi\u00f3n en el servicio proporcionado por CWEP.<\/p>\n<p>CWEP responder\u00e1 a las solicitudes relativas a mostrar, corregir, completar y eliminar Datos personales en un tiempo razonable y previa verificaci\u00f3n de la identidad del Usuario.<\/p>\n<p>CWEP har\u00e1 todos los esfuerzos razonables para satisfacer las solicitudes de los Usuarios de eliminar Datos personales, a menos que estos datos deban almacenarse debido a la ley aplicable o fines comerciales legales.<\/p>\n<p><strong>Desactivaci\u00f3n de cuenta<\/strong><\/p>\n<p>Despu\u00e9s de que CWEP reciba una solicitud para eliminar Datos personales, los Datos personales en cuesti\u00f3n se bloquear\u00e1n sin demora innecesaria y ya no ser\u00e1 posible acceder al servicio. Los Datos Personales se conservar\u00e1n hasta por 30 d\u00edas naturales permitiendo su recuperaci\u00f3n en caso de que la solicitud de desactivaci\u00f3n de la cuenta se haya realizado por error. Transcurridos 30 d\u00edas naturales, ya no ser\u00e1 posible la restauraci\u00f3n de Datos Personales.<\/p>\n<p>Para preservar las actividades en curso y evitar confusi\u00f3n para otros usuarios, cierto contenido no se eliminar\u00e1. Esto incluye toda la informaci\u00f3n proporcionada e ingresada hasta la fecha al servicio (como por ejemplo mensajes o archivos). Luego de la desactivaci\u00f3n de la cuenta, esta informaci\u00f3n se etiquetar\u00e1 como \u00abUsuario desactivado\u00bb. Antes de la solicitud de desactivaci\u00f3n de la cuenta, el contenido mencionado anteriormente se puede eliminar manualmente.<\/p>\n<p><strong>Ni\u00f1os<\/strong><\/p>\n<p>El servicio no est\u00e1 destinado a ni\u00f1os menores de 18 a\u00f1os y tampoco est\u00e1 dise\u00f1ado para llamar su atenci\u00f3n. CWEP no recopila datos personales de ni\u00f1os menores de 18 a\u00f1os y, en algunas jurisdicciones, de ni\u00f1os mayores de 18 a\u00f1os, de manera intencionada y deliberada. Alentamos a los padres a interesarse por la actividad de sus hijos en Internet, para garantizar que no se obtenga informaci\u00f3n de los ni\u00f1os sin el consentimiento de los padres.<\/p>\n<p><strong>Seguridad<\/strong><\/p>\n<p>CWEP aplica medios t\u00e9cnicos y organizativos para proteger los datos personales recopilados por CWEP del acceso no autorizado o el uso inadecuado por parte de personas no autorizadas. Los m\u00e9todos aplicados y los medios t\u00e9cnicos se mejoran junto con el desarrollo de nuevas tecnolog\u00edas, necesidades y m\u00e9todos de protecci\u00f3n disponibles.<\/p>\n<p><strong>Protecci\u00f3n y almacenamiento de datos<\/strong><\/p>\n<p>La informaci\u00f3n recopilada por CWEP se conserva durante un per\u00edodo de tiempo razonable para permitir su uso para los fines aqu\u00ed especificados. La asociaci\u00f3n CWEP puede utilizar los servicios de terceros (empresas) para recopilar y almacenar la informaci\u00f3n recopilada en su nombre. Todas estas empresas deber\u00e1n cumplir los requisitos de esta Pol\u00edtica de Privacidad.<\/p>\n<p><strong>Cambios en la Pol\u00edtica de Privacidad<\/strong><\/p>\n<p>CWEP se reserva el derecho de cambiar los principios de esta Pol\u00edtica de Privacidad en cualquier momento. Los derechos del Usuario derivados de esta Pol\u00edtica de Privacidad no estar\u00e1n limitados sin el consentimiento del Usuario.<\/p>\n<p>Todos los cambios a esta Pol\u00edtica de Privacidad se publicar\u00e1n de manera clara en el servicio ofrecido por CWEP. Los Usuarios del servicio CWEP est\u00e1n sujetos a la versi\u00f3n actual de la Pol\u00edtica de Privacidad. Las versiones anteriores de esta Pol\u00edtica de Privacidad se conservan en archivos para que los Usuarios puedan familiarizarse con ellas, si fuera necesario.<\/p>\n<p><strong>Contacto<\/strong><\/p>\n<p>Todas las solicitudes de acceso a su informaci\u00f3n, modificaci\u00f3n de su informaci\u00f3n o preguntas relacionadas con esta Pol\u00edtica de Privacidad deben enviarse utilizando nuestro <a href=\"https:\/\/cwep.eu\/en\/kontakt\/\">Formulario de contacto<\/a>, a trav\u00e9s de <a href=\"mailto:office@cwep.eu\">correo electr\u00f3nico<\/a>o por escrito a la siguiente direcci\u00f3n:<\/p>\n<p><strong>Stowarzyszenie \u201cCentrum Wspierania Edukacji i Przedsi\u0119biorczo\u015bci\u201d<\/strong><br \/>\nGrunwaldzka 16C<\/p>\n<p>35-068 RzeszowPolonia<\/p>","protected":false},"excerpt":{"rendered":"<p>De acuerdo con la ley europea sobre protecci\u00f3n de datos personales, el Reglamento General de Protecci\u00f3n de Datos (GDPR), nos&hellip;&nbsp;<\/p>\n","protected":false},"author":1,"featured_media":0,"parent":0,"menu_order":0,"comment_status":"closed","ping_status":"closed","template":"","meta":{"neve_meta_sidebar":"","neve_meta_container":"","neve_meta_enable_content_width":"off","neve_meta_content_width":100,"neve_meta_title_alignment":"","neve_meta_author_avatar":"","neve_post_elements_order":"","neve_meta_disable_header":"","neve_meta_disable_footer":"","neve_meta_disable_title":"","footnotes":""},"class_list":["post-1448","page","type-page","status-publish","hentry"],"_links":{"self":[{"href":"https:\/\/esg-up.erasmus.site\/es\/wp-json\/wp\/v2\/pages\/1448","targetHints":{"allow":["GET"]}}],"collection":[{"href":"https:\/\/esg-up.erasmus.site\/es\/wp-json\/wp\/v2\/pages"}],"about":[{"href":"https:\/\/esg-up.erasmus.site\/es\/wp-json\/wp\/v2\/types\/page"}],"author":[{"embeddable":true,"href":"https:\/\/esg-up.erasmus.site\/es\/wp-json\/wp\/v2\/users\/1"}],"replies":[{"embeddable":true,"href":"https:\/\/esg-up.erasmus.site\/es\/wp-json\/wp\/v2\/comments?post=1448"}],"version-history":[{"count":1,"href":"https:\/\/esg-up.erasmus.site\/es\/wp-json\/wp\/v2\/pages\/1448\/revisions"}],"predecessor-version":[{"id":1449,"href":"https:\/\/esg-up.erasmus.site\/es\/wp-json\/wp\/v2\/pages\/1448\/revisions\/1449"}],"wp:attachment":[{"href":"https:\/\/esg-up.erasmus.site\/es\/wp-json\/wp\/v2\/media?parent=1448"}],"curies":[{"name":"wp","href":"https:\/\/api.w.org\/{rel}","templated":true}]}}